{"id":885,"date":"2025-10-07T07:57:01","date_gmt":"2025-10-07T07:57:01","guid":{"rendered":"https:\/\/handlbauer-dev.agentur-b.at\/?page_id=885"},"modified":"2025-10-28T08:50:59","modified_gmt":"2025-10-28T08:50:59","slug":"luoghi","status":"publish","type":"page","link":"https:\/\/www.handlbauer.at\/it\/luoghi\/","title":{"rendered":"Luoghi"},"content":{"rendered":"<div data-elementor-type=\"wp-page\" data-elementor-id=\"885\" class=\"elementor elementor-885\" data-elementor-post-type=\"page\">\n\t\t\t\t<div class=\"elementor-element elementor-element-168d2422 e-flex e-con-boxed e-con e-parent\" data-id=\"168d2422\" data-element_type=\"container\" data-settings=\"{&quot;background_background&quot;:&quot;classic&quot;}\">\n\t\t\t\t\t<div class=\"e-con-inner\">\n\t\t<div class=\"elementor-element elementor-element-41167f8f animated-fast e-flex e-con-boxed elementor-invisible e-con e-child\" data-id=\"41167f8f\" data-element_type=\"container\" data-settings=\"{&quot;animation&quot;:&quot;fadeIn&quot;,&quot;animation_delay&quot;:500}\">\n\t\t\t\t\t<div class=\"e-con-inner\">\n\t\t\t\t<div class=\"elementor-element elementor-element-1ffd6f32 elementor-widget elementor-widget-heading\" data-id=\"1ffd6f32\" data-element_type=\"widget\" data-widget_type=\"heading.default\">\n\t\t\t\t\t<h6 class=\"elementor-heading-title elementor-size-default\">Dalla regione al mondo<\/h6>\t\t\t\t<\/div>\n\t\t\t\t<div class=\"elementor-element elementor-element-5e6da7cf elementor-widget__width-initial elementor-widget-mobile__width-inherit elementor-widget elementor-widget-heading\" data-id=\"5e6da7cf\" data-element_type=\"widget\" data-widget_type=\"heading.default\">\n\t\t\t\t\t<h1 class=\"elementor-heading-title elementor-size-default\">Tradizione e progresso insieme<\/h1>\t\t\t\t<\/div>\n\t\t\t\t<div class=\"elementor-element elementor-element-63ba0044 elementor-widget__width-initial elementor-widget elementor-widget-heading\" data-id=\"63ba0044\" data-element_type=\"widget\" data-widget_type=\"heading.default\">\n\t\t\t\t\t<p class=\"elementor-heading-title elementor-size-default\">Radicati a livello regionale, collegati in rete in modo efficiente:\nI nostri siti di produzione e lavorazione in Alta Austria sono sinonimo di distanze ridotte, massima qualit\u00e0 e processi affidabili. Questo fa s\u00ec che il valore aggiunto rimanga nella regione e che la qualit\u00e0 si crei nel luogo in cui viene creato.<\/p>\t\t\t\t<\/div>\n\t\t\t\t\t<\/div>\n\t\t\t\t<\/div>\n\t\t<div class=\"elementor-element elementor-element-7b3076ad e-grid e-con-boxed e-con e-child\" data-id=\"7b3076ad\" data-element_type=\"container\">\n\t\t\t\t\t<div class=\"e-con-inner\">\n\t\t<div class=\"elementor-element elementor-element-6f73b93 e-con-full animated-fast e-flex elementor-invisible e-con e-child\" data-id=\"6f73b93\" data-element_type=\"container\" data-settings=\"{&quot;animation&quot;:&quot;fadeIn&quot;,&quot;animation_delay&quot;:600,&quot;background_background&quot;:&quot;classic&quot;}\">\n\t\t\t\t<div class=\"elementor-element elementor-element-c107f61 elementor-widget elementor-widget-heading\" data-id=\"c107f61\" data-element_type=\"widget\" data-widget_type=\"heading.default\">\n\t\t\t\t\t<h4 class=\"elementor-heading-title elementor-size-default\">Linz<\/h4>\t\t\t\t<\/div>\n\t\t\t\t<div class=\"elementor-element elementor-element-550cad0 elementor-widget elementor-widget-text-editor\" data-id=\"550cad0\" data-element_type=\"widget\" data-widget_type=\"text-editor.default\">\n\t\t\t\t\t\t\t\t\t<p>Macellazione di bestiame, sezionamento di bovini e suini<\/p>\t\t\t\t\t\t\t\t<\/div>\n\t\t\t\t<div class=\"elementor-element elementor-element-7c8a201 elementor-widget elementor-widget-text-editor\" data-id=\"7c8a201\" data-element_type=\"widget\" data-widget_type=\"text-editor.default\">\n\t\t\t\t\t\t\t\t\t<p>Holzstrasse 5<br \/>A-4020 Linz<br \/>Telefono: +43 732 7658-0<br \/>Fax: +43 732 7658-100<br \/>E-mail: <a href=\"mailto:office@handlbauer.at\">office@handlbauer.at<\/a><br \/>Numero veterinario: AT 40666 EG<\/p>\t\t\t\t\t\t\t\t<\/div>\n\t\t\t\t<\/div>\n\t\t<div class=\"elementor-element elementor-element-0b9815f e-con-full animated-fast e-flex elementor-invisible e-con e-child\" data-id=\"0b9815f\" data-element_type=\"container\" data-settings=\"{&quot;animation&quot;:&quot;fadeIn&quot;,&quot;animation_delay&quot;:600,&quot;background_background&quot;:&quot;classic&quot;}\">\n\t\t\t\t<div class=\"elementor-element elementor-element-70463f6 elementor-widget elementor-widget-heading\" data-id=\"70463f6\" data-element_type=\"widget\" data-widget_type=\"heading.default\">\n\t\t\t\t\t<h4 class=\"elementor-heading-title elementor-size-default\">Wels<\/h4>\t\t\t\t<\/div>\n\t\t\t\t<div class=\"elementor-element elementor-element-4653157 elementor-widget elementor-widget-text-editor\" data-id=\"4653157\" data-element_type=\"widget\" data-widget_type=\"text-editor.default\">\n\t\t\t\t\t\t\t\t\t<p>Magazzino del freddo<br \/><br \/><\/p>\t\t\t\t\t\t\t\t<\/div>\n\t\t\t\t<div class=\"elementor-element elementor-element-85fe90f elementor-widget elementor-widget-text-editor\" data-id=\"85fe90f\" data-element_type=\"widget\" data-widget_type=\"text-editor.default\">\n\t\t\t\t\t\t\t\t\t<p>Marcusstrasse 21<br \/>A-4600 Wels<br \/>Tel.: +43 664 88623325<br \/>E-mail: <a href=\"mailto:tkhwels@handlbauer.at\">tkhwels@handlbauer.at<\/a><br \/>Numero veterinario: AT 40847 EG<\/p>\t\t\t\t\t\t\t\t<\/div>\n\t\t\t\t<\/div>\n\t\t<div class=\"elementor-element elementor-element-40945ba e-con-full animated-fast e-flex elementor-invisible e-con e-child\" data-id=\"40945ba\" data-element_type=\"container\" data-settings=\"{&quot;animation&quot;:&quot;fadeIn&quot;,&quot;animation_delay&quot;:600,&quot;background_background&quot;:&quot;classic&quot;}\">\n\t\t\t\t<div class=\"elementor-element elementor-element-d25a952 elementor-widget elementor-widget-heading\" data-id=\"d25a952\" data-element_type=\"widget\" data-widget_type=\"heading.default\">\n\t\t\t\t\t<h4 class=\"elementor-heading-title elementor-size-default\">Ried im Traunkreis<\/h4>\t\t\t\t<\/div>\n\t\t\t\t<div class=\"elementor-element elementor-element-0e2a585 elementor-widget elementor-widget-text-editor\" data-id=\"0e2a585\" data-element_type=\"widget\" data-widget_type=\"text-editor.default\">\n\t\t\t\t\t\t\t\t\t<p>Macello di suini<br \/><br \/><\/p>\t\t\t\t\t\t\t\t<\/div>\n\t\t\t\t<div class=\"elementor-element elementor-element-c4f785c elementor-widget elementor-widget-text-editor\" data-id=\"c4f785c\" data-element_type=\"widget\" data-widget_type=\"text-editor.default\">\n\t\t\t\t\t\t\t\t\t<p>Via Rehberger 9<br \/>A-4551 Ried im Traunkreis<br \/>Telefono: +43 732 7658-310<br \/>E-mail: <a href=\"mailto:ried@handlbauer.at\">ried@handlbauer.at<\/a><br \/>Numero veterinario: AT 40465 EG<\/p>\t\t\t\t\t\t\t\t<\/div>\n\t\t\t\t<\/div>\n\t\t\t\t\t<\/div>\n\t\t\t\t<\/div>\n\t\t\t\t\t<\/div>\n\t\t\t\t<\/div>\n\t\t\t\t<\/div>","protected":false},"excerpt":{"rendered":"<p>Dalla regione al mondo Tradizione e progresso insieme Radicati nella regione, collegati in rete in modo efficiente: i nostri siti di produzione e lavorazione in Alta Austria sono sinonimo di distanze ridotte, massima qualit\u00e0 e processi affidabili. Questo fa s\u00ec che il valore aggiunto rimanga nella regione e che la qualit\u00e0 si crei nel luogo in cui viene creato. Linz Macellazione di bovini, sezionamento di bovini e suini Holzstra\u00dfe 5A-4020 LinzTel.: +43 732 7658-0Fax: +43 732 [...]<\/p>","protected":false},"author":1,"featured_media":0,"parent":0,"menu_order":0,"comment_status":"closed","ping_status":"closed","template":"elementor_header_footer","meta":{"_acf_changed":false,"footnotes":""},"class_list":["post-885","page","type-page","status-publish","hentry"],"acf":[],"yoast_head":"<!-- This site is optimized with the Yoast SEO Premium plugin v26.2 (Yoast SEO v26.2) - https:\/\/yoast.com\/wordpress\/plugins\/seo\/ -->\n<title>Handlbauer \u2013 Standorte<\/title>\n<meta name=\"robots\" content=\"index, follow, max-snippet:-1, max-image-preview:large, max-video-preview:-1\" \/>\n<link rel=\"canonical\" href=\"https:\/\/www.handlbauer.at\/it\/luoghi\/\" \/>\n<meta property=\"og:locale\" content=\"it_IT\" \/>\n<meta property=\"og:type\" content=\"article\" \/>\n<meta property=\"og:title\" content=\"Handlbauer \u2013 Standorte\" \/>\n<meta property=\"og:description\" content=\"Von der Region in die Welt Tradition &amp; Fortschritt vereint Regional verwurzelt, effizient vernetzt: Unsere Produktions- und Verarbeitungsstandorte in Ober\u00f6sterreich stehen f\u00fcr kurze Wege, h\u00f6chste Qualit\u00e4t und verl\u00e4ssliche Abl\u00e4ufe. So bleibt Wertsch\u00f6pfung in der Region \u2013 und Qualit\u00e4t dort, wo sie entsteht. Linz Rinderschlachtung, Rind- und Schweinezerlegung Holzstra\u00dfe 5A-4020 LinzTel.: +43 732 7658-0Fax: +43 732 [&hellip;]\" \/>\n<meta property=\"og:url\" content=\"https:\/\/www.handlbauer.at\/it\/luoghi\/\" \/>\n<meta property=\"og:site_name\" content=\"Handlbauer - C` est la vie - Das Leben. Ein Fest.\" \/>\n<meta property=\"article:modified_time\" content=\"2025-10-28T08:50:59+00:00\" \/>\n<meta property=\"og:image\" content=\"https:\/\/www.handlbauer.at\/wp-content\/uploads\/2025\/10\/handlbauer_seo.jpg\" \/>\n\t<meta property=\"og:image:width\" content=\"1200\" \/>\n\t<meta property=\"og:image:height\" content=\"675\" \/>\n\t<meta property=\"og:image:type\" content=\"image\/jpeg\" \/>\n<meta name=\"twitter:card\" content=\"summary_large_image\" \/>\n<script type=\"application\/ld+json\" class=\"yoast-schema-graph\">{\"@context\":\"https:\/\/schema.org\",\"@graph\":[{\"@type\":\"WebPage\",\"@id\":\"https:\/\/www.handlbauer.at\/standorte\/\",\"url\":\"https:\/\/www.handlbauer.at\/standorte\/\",\"name\":\"Handlbauer \u2013 Standorte\",\"isPartOf\":{\"@id\":\"https:\/\/www.handlbauer.at\/#website\"},\"datePublished\":\"2025-10-07T07:57:01+00:00\",\"dateModified\":\"2025-10-28T08:50:59+00:00\",\"breadcrumb\":{\"@id\":\"https:\/\/www.handlbauer.at\/standorte\/#breadcrumb\"},\"inLanguage\":\"it-IT\",\"potentialAction\":[{\"@type\":\"ReadAction\",\"target\":[\"https:\/\/www.handlbauer.at\/standorte\/\"]}]},{\"@type\":\"BreadcrumbList\",\"@id\":\"https:\/\/www.handlbauer.at\/standorte\/#breadcrumb\",\"itemListElement\":[{\"@type\":\"ListItem\",\"position\":1,\"name\":\"Startseite\",\"item\":\"https:\/\/www.handlbauer.at\/\"},{\"@type\":\"ListItem\",\"position\":2,\"name\":\"Standorte\"}]},{\"@type\":\"WebSite\",\"@id\":\"https:\/\/www.handlbauer.at\/#website\",\"url\":\"https:\/\/www.handlbauer.at\/\",\"name\":\"Herbert Handlbauer GmbH\",\"description\":\"\",\"publisher\":{\"@id\":\"https:\/\/www.handlbauer.at\/#organization\"},\"potentialAction\":[{\"@type\":\"SearchAction\",\"target\":{\"@type\":\"EntryPoint\",\"urlTemplate\":\"https:\/\/www.handlbauer.at\/?s={search_term_string}\"},\"query-input\":{\"@type\":\"PropertyValueSpecification\",\"valueRequired\":true,\"valueName\":\"search_term_string\"}}],\"inLanguage\":\"it-IT\"},{\"@type\":\"Organization\",\"@id\":\"https:\/\/www.handlbauer.at\/#organization\",\"name\":\"Herbert Handlbauer GmbH\",\"url\":\"https:\/\/www.handlbauer.at\/\",\"logo\":{\"@type\":\"ImageObject\",\"inLanguage\":\"it-IT\",\"@id\":\"https:\/\/www.handlbauer.at\/#\/schema\/logo\/image\/\",\"url\":\"https:\/\/www.handlbauer.at\/wp-content\/uploads\/2025\/10\/handlbauer-logo-square.svg\",\"contentUrl\":\"https:\/\/www.handlbauer.at\/wp-content\/uploads\/2025\/10\/handlbauer-logo-square.svg\",\"width\":800,\"height\":800,\"caption\":\"Herbert Handlbauer GmbH\"},\"image\":{\"@id\":\"https:\/\/www.handlbauer.at\/#\/schema\/logo\/image\/\"},\"description\":\"Wir, die Herbert Handlbauer GmbH sind ein Schlacht- sowie Zerlegebetrieb f\u00fcr Rinder und Schweine. Wir bieten Dienstleistungen rund um die Zerlegung und Verpackung an. Je nach Anforderung unser Kunden, erfolgt die gew\u00fcnschte Sortierung unserer Premium-Produkte. Zuschnitte werden den Kundenw\u00fcnschen angepasst.\",\"email\":\"office@handlbauer.at\",\"telephone\":\"+43 7242 2001\",\"legalName\":\"Herbert Handlbauer GmbH\",\"vatID\":\"ATU 25021008\"}]}<\/script>\n<!-- \/ Yoast SEO Premium plugin. -->","yoast_head_json":{"title":"Handlbauer - Sedi","robots":{"index":"index","follow":"follow","max-snippet":"max-snippet:-1","max-image-preview":"max-image-preview:large","max-video-preview":"max-video-preview:-1"},"canonical":"https:\/\/www.handlbauer.at\/it\/luoghi\/","og_locale":"it_IT","og_type":"article","og_title":"Handlbauer \u2013 Standorte","og_description":"Von der Region in die Welt Tradition &amp; Fortschritt vereint Regional verwurzelt, effizient vernetzt: Unsere Produktions- und Verarbeitungsstandorte in Ober\u00f6sterreich stehen f\u00fcr kurze Wege, h\u00f6chste Qualit\u00e4t und verl\u00e4ssliche Abl\u00e4ufe. So bleibt Wertsch\u00f6pfung in der Region \u2013 und Qualit\u00e4t dort, wo sie entsteht. Linz Rinderschlachtung, Rind- und Schweinezerlegung Holzstra\u00dfe 5A-4020 LinzTel.: +43 732 7658-0Fax: +43 732 [&hellip;]","og_url":"https:\/\/www.handlbauer.at\/it\/luoghi\/","og_site_name":"Handlbauer - C` est la vie - Das Leben. Ein Fest.","article_modified_time":"2025-10-28T08:50:59+00:00","og_image":[{"width":1200,"height":675,"url":"https:\/\/www.handlbauer.at\/wp-content\/uploads\/2025\/10\/handlbauer_seo.jpg","type":"image\/jpeg"}],"twitter_card":"summary_large_image","schema":{"@context":"https:\/\/schema.org","@graph":[{"@type":"WebPage","@id":"https:\/\/www.handlbauer.at\/standorte\/","url":"https:\/\/www.handlbauer.at\/standorte\/","name":"Handlbauer - Sedi","isPartOf":{"@id":"https:\/\/www.handlbauer.at\/#website"},"datePublished":"2025-10-07T07:57:01+00:00","dateModified":"2025-10-28T08:50:59+00:00","breadcrumb":{"@id":"https:\/\/www.handlbauer.at\/standorte\/#breadcrumb"},"inLanguage":"it-IT","potentialAction":[{"@type":"ReadAction","target":["https:\/\/www.handlbauer.at\/standorte\/"]}]},{"@type":"BreadcrumbList","@id":"https:\/\/www.handlbauer.at\/standorte\/#breadcrumb","itemListElement":[{"@type":"ListItem","position":1,"name":"Startseite","item":"https:\/\/www.handlbauer.at\/"},{"@type":"ListItem","position":2,"name":"Standorte"}]},{"@type":"WebSite","@id":"https:\/\/www.handlbauer.at\/#website","url":"https:\/\/www.handlbauer.at\/","name":"Herbert Handlbauer GmbH","description":"","publisher":{"@id":"https:\/\/www.handlbauer.at\/#organization"},"potentialAction":[{"@type":"SearchAction","target":{"@type":"EntryPoint","urlTemplate":"https:\/\/www.handlbauer.at\/?s={search_term_string}"},"query-input":{"@type":"PropertyValueSpecification","valueRequired":true,"valueName":"search_term_string"}}],"inLanguage":"it-IT"},{"@type":"Organization","@id":"https:\/\/www.handlbauer.at\/#organization","name":"Herbert Handlbauer GmbH","url":"https:\/\/www.handlbauer.at\/","logo":{"@type":"ImageObject","inLanguage":"it-IT","@id":"https:\/\/www.handlbauer.at\/#\/schema\/logo\/image\/","url":"https:\/\/www.handlbauer.at\/wp-content\/uploads\/2025\/10\/handlbauer-logo-square.svg","contentUrl":"https:\/\/www.handlbauer.at\/wp-content\/uploads\/2025\/10\/handlbauer-logo-square.svg","width":800,"height":800,"caption":"Herbert Handlbauer GmbH"},"image":{"@id":"https:\/\/www.handlbauer.at\/#\/schema\/logo\/image\/"},"description":"Noi, Herbert Handlbauer GmbH, siamo un macello e un laboratorio di sezionamento per bovini e suini. Offriamo servizi di taglio e confezionamento. I nostri prodotti di prima qualit\u00e0 sono selezionati in base alle esigenze dei nostri clienti. I tagli sono adattati ai desideri del cliente.","email":"office@handlbauer.at","telephone":"+43 7242 2001","legalName":"Herbert Handlbauer GmbH","vatID":"ATU 25021008"}]}},"_links":{"self":[{"href":"https:\/\/www.handlbauer.at\/it\/wp-json\/wp\/v2\/pages\/885","targetHints":{"allow":["GET"]}}],"collection":[{"href":"https:\/\/www.handlbauer.at\/it\/wp-json\/wp\/v2\/pages"}],"about":[{"href":"https:\/\/www.handlbauer.at\/it\/wp-json\/wp\/v2\/types\/page"}],"author":[{"embeddable":true,"href":"https:\/\/www.handlbauer.at\/it\/wp-json\/wp\/v2\/users\/1"}],"replies":[{"embeddable":true,"href":"https:\/\/www.handlbauer.at\/it\/wp-json\/wp\/v2\/comments?post=885"}],"version-history":[{"count":73,"href":"https:\/\/www.handlbauer.at\/it\/wp-json\/wp\/v2\/pages\/885\/revisions"}],"predecessor-version":[{"id":1662,"href":"https:\/\/www.handlbauer.at\/it\/wp-json\/wp\/v2\/pages\/885\/revisions\/1662"}],"wp:attachment":[{"href":"https:\/\/www.handlbauer.at\/it\/wp-json\/wp\/v2\/media?parent=885"}],"curies":[{"name":"wp","href":"https:\/\/api.w.org\/{rel}","templated":true}]}}