{"id":1294,"date":"2025-10-10T07:05:48","date_gmt":"2025-10-10T07:05:48","guid":{"rendered":"https:\/\/handlbauer-dev.agentur-b.at\/?page_id=1294"},"modified":"2025-10-10T07:08:57","modified_gmt":"2025-10-10T07:08:57","slug":"impressum","status":"publish","type":"page","link":"https:\/\/www.handlbauer.at\/de_de\/impressum\/","title":{"rendered":"Impressum"},"content":{"rendered":"\t\t<div data-elementor-type=\"wp-page\" data-elementor-id=\"1294\" class=\"elementor elementor-1294\" data-elementor-post-type=\"page\">\n\t\t\t\t<div class=\"elementor-element elementor-element-5039eb4 e-flex e-con-boxed e-con e-parent\" data-id=\"5039eb4\" data-element_type=\"container\">\n\t\t\t\t\t<div class=\"e-con-inner\">\n\t\t\t\t<div class=\"elementor-element elementor-element-cc72171 elementor-widget elementor-widget-heading\" data-id=\"cc72171\" data-element_type=\"widget\" data-widget_type=\"heading.default\">\n\t\t\t\t\t<h2 class=\"elementor-heading-title elementor-size-default\">Impressum<\/h2>\t\t\t\t<\/div>\n\t\t\t\t<div class=\"elementor-element elementor-element-e2f3252 elementor-widget elementor-widget-text-editor\" data-id=\"e2f3252\" data-element_type=\"widget\" data-widget_type=\"text-editor.default\">\n\t\t\t\t\t\t\t\t\t<h4>&nbsp;<\/h4>\n<h4>Unternehmensangaben gem\u00e4\u00df \u00a7 5 E-Commerce-Gesetz (ECG)<\/h4>\n<p><strong>Herbert Handlbauer GmbH<\/strong><br>Marcusstra\u00dfe 21<br>A-4600 Wels<br>\u00d6sterreich<\/p>\n<p>Telefon: <a href=\"tel:+4372422001\">+43 7242 2001<\/a><br>E-Mail: <a href=\"mailto:office@handlbauer.at\">office@handlbauer.at<\/a><br>Web: <a href=\"https:\/\/www.handlbauer.at\">www.handlbauer.at<\/a><\/p>\n<h4>&nbsp;<\/h4>\n<h4>Gesch\u00e4ftsf\u00fchrung<\/h4>\n<p>Elfi Handlbauer<\/p>\n<h4>&nbsp;<\/h4>\n<h4>Firmenbuchdaten<\/h4>\n<p>Firmenbuchnummer: FN 97541 v<br>Firmenbuchgericht: Landesgericht Wels<br>UID-Nr.: ATU 25021008<\/p>\n<h4>&nbsp;<\/h4>\n<h4>Mitgliedschaften und Zust\u00e4ndigkeiten<\/h4>\n<p>Mitglied der Wirtschaftskammer \u00d6sterreich (WKO)<br>Zust\u00e4ndige Fachgruppe: Lebensmittelindustrie \/ Fleischverarbeitung<br>Aufsichtsbeh\u00f6rde: Bezirkshauptmannschaft Wels-Land<\/p>\n<h4>&nbsp;<\/h4>\n<h4>T\u00e4tigkeitsbeschreibung<\/h4>\n<p>Gro\u00dfschl\u00e4chterei und Fleischhauerei, Fleischexport und -import, Schlacht- und Zerlegebetrieb<\/p>\n<h4>&nbsp;<\/h4>\n<h4>Anwendbare Rechtsvorschriften<\/h4>\n<p>Gewerbeordnung (GewO), Unternehmensgesetzbuch (UGB), E-Commerce-Gesetz (ECG).<br>Die Rechtsvorschriften sind abrufbar im Rechtsinformationssystem (RIS):<br><a href=\"https:\/\/www.ris.bka.gv.at\">www.ris.bka.gv.at<\/a><\/p>\n<h4>&nbsp;<\/h4>\n<h4>Berufsbezeichnung<\/h4>\n<p>Fleischhauer (verliehen in \u00d6sterreich)<\/p>\n<h4>&nbsp;<\/h4>\n<h4>Haftungsausschluss<\/h4>\n<p>Alle Inhalte dieser Website wurden mit gr\u00f6\u00dftm\u00f6glicher Sorgfalt erstellt.<br>Dennoch \u00fcbernimmt die Herbert Handlbauer GmbH keine Gew\u00e4hr f\u00fcr die Richtigkeit, Vollst\u00e4ndigkeit und Aktualit\u00e4t der bereitgestellten Inhalte.<br>Haftungsanspr\u00fcche gegen den Betreiber dieser Website, die sich auf Sch\u00e4den materieller oder ideeller Art beziehen,<br>welche durch die Nutzung oder Nichtnutzung der dargebotenen Informationen verursacht wurden, sind grunds\u00e4tzlich ausgeschlossen.<\/p>\n<h4>&nbsp;<\/h4>\n<h4>Urheberrecht<\/h4>\n<p>Die Inhalte dieser Website (Texte, Bilder, Grafiken, Layout) sind urheberrechtlich gesch\u00fctzt.<br>Jede Art der Vervielf\u00e4ltigung, Bearbeitung oder Verbreitung bedarf der schriftlichen Zustimmung der Herbert Handlbauer GmbH.<\/p>\n<h4>&nbsp;<\/h4>\n<h4>Online-Streitbeilegung<\/h4>\n<p>Verbraucher haben die M\u00f6glichkeit, Beschwerden an die Online-Streitbeilegungsplattform der EU zu richten:<br><a href=\"https:\/\/ec.europa.eu\/odr\">https:\/\/ec.europa.eu\/odr<\/a><br>Sie k\u00f6nnen allf\u00e4llige Beschwerden auch an die oben angegebene E-Mail-Adresse richten.<\/p>\n<h4>&nbsp;<\/h4>\n<h4>Geltungsbereich<\/h4>\n<p>Dieses Impressum gilt f\u00fcr die Website<br><a href=\"https:\/\/www.handlbauer.at\">www.handlbauer.at<\/a><br>sowie f\u00fcr alle dazugeh\u00f6rigen Social-Media-Auftritte.<\/p>\n<h4><br><\/h4><h4>Website\/Design<\/h4>\n<p>Agentur B. | Wir machen Marke<br><a href=\"https:\/\/www.agentur-b.at\" target=\"_blank\" rel=\"noopener\">www.agentur-b.at<\/a><\/p>\t\t\t\t\t\t\t\t<\/div>\n\t\t\t\t\t<\/div>\n\t\t\t\t<\/div>\n\t\t\t\t<\/div>\n\t\t","protected":false},"excerpt":{"rendered":"<p>Impressum &nbsp; Unternehmensangaben gem\u00e4\u00df \u00a7 5 E-Commerce-Gesetz (ECG) Herbert Handlbauer GmbHMarcusstra\u00dfe 21A-4600 Wels\u00d6sterreich Telefon: +43 7242 2001E-Mail: office@handlbauer.atWeb: www.handlbauer.at &nbsp; Gesch\u00e4ftsf\u00fchrung Elfi Handlbauer &nbsp; Firmenbuchdaten Firmenbuchnummer: FN 97541 vFirmenbuchgericht: Landesgericht WelsUID-Nr.: ATU 25021008 &nbsp; Mitgliedschaften und Zust\u00e4ndigkeiten Mitglied der Wirtschaftskammer \u00d6sterreich (WKO)Zust\u00e4ndige Fachgruppe: Lebensmittelindustrie \/ FleischverarbeitungAufsichtsbeh\u00f6rde: Bezirkshauptmannschaft Wels-Land &nbsp; T\u00e4tigkeitsbeschreibung Gro\u00dfschl\u00e4chterei und Fleischhauerei, Fleischexport und [&hellip;]<\/p>\n","protected":false},"author":1,"featured_media":0,"parent":0,"menu_order":0,"comment_status":"closed","ping_status":"closed","template":"elementor_header_footer","meta":{"_acf_changed":false,"footnotes":""},"class_list":["post-1294","page","type-page","status-publish","hentry"],"acf":[],"yoast_head":"<!-- This site is optimized with the Yoast SEO Premium plugin v26.2 (Yoast SEO v26.2) - https:\/\/yoast.com\/wordpress\/plugins\/seo\/ -->\n<title>Handlbauer \u2013 Impressum<\/title>\n<meta name=\"robots\" content=\"index, follow, max-snippet:-1, max-image-preview:large, max-video-preview:-1\" \/>\n<link rel=\"canonical\" href=\"https:\/\/www.handlbauer.at\/de_de\/impressum\/\" \/>\n<meta property=\"og:locale\" content=\"de_DE\" \/>\n<meta property=\"og:type\" content=\"article\" \/>\n<meta property=\"og:title\" content=\"Handlbauer \u2013 Impressum\" \/>\n<meta property=\"og:description\" content=\"Impressum &nbsp; Unternehmensangaben gem\u00e4\u00df \u00a7 5 E-Commerce-Gesetz (ECG) Herbert Handlbauer GmbHMarcusstra\u00dfe 21A-4600 Wels\u00d6sterreich Telefon: +43 7242 2001E-Mail: office@handlbauer.atWeb: www.handlbauer.at &nbsp; Gesch\u00e4ftsf\u00fchrung Elfi Handlbauer &nbsp; Firmenbuchdaten Firmenbuchnummer: FN 97541 vFirmenbuchgericht: Landesgericht WelsUID-Nr.: ATU 25021008 &nbsp; Mitgliedschaften und Zust\u00e4ndigkeiten Mitglied der Wirtschaftskammer \u00d6sterreich (WKO)Zust\u00e4ndige Fachgruppe: Lebensmittelindustrie \/ FleischverarbeitungAufsichtsbeh\u00f6rde: Bezirkshauptmannschaft Wels-Land &nbsp; T\u00e4tigkeitsbeschreibung Gro\u00dfschl\u00e4chterei und Fleischhauerei, Fleischexport und [&hellip;]\" \/>\n<meta property=\"og:url\" content=\"https:\/\/www.handlbauer.at\/de_de\/impressum\/\" \/>\n<meta property=\"og:site_name\" content=\"Handlbauer - C` est la vie - Das Leben. Ein Fest.\" \/>\n<meta property=\"article:modified_time\" content=\"2025-10-10T07:08:57+00:00\" \/>\n<meta property=\"og:image\" content=\"https:\/\/www.handlbauer.at\/wp-content\/uploads\/2025\/10\/handlbauer_seo.jpg\" \/>\n\t<meta property=\"og:image:width\" content=\"1200\" \/>\n\t<meta property=\"og:image:height\" content=\"675\" \/>\n\t<meta property=\"og:image:type\" content=\"image\/jpeg\" \/>\n<meta name=\"twitter:card\" content=\"summary_large_image\" \/>\n<meta name=\"twitter:label1\" content=\"Gesch\u00e4tzte Lesezeit\" \/>\n\t<meta name=\"twitter:data1\" content=\"1\u00a0Minute\" \/>\n<script type=\"application\/ld+json\" class=\"yoast-schema-graph\">{\"@context\":\"https:\/\/schema.org\",\"@graph\":[{\"@type\":\"WebPage\",\"@id\":\"https:\/\/www.handlbauer.at\/impressum\/\",\"url\":\"https:\/\/www.handlbauer.at\/impressum\/\",\"name\":\"Handlbauer \u2013 Impressum\",\"isPartOf\":{\"@id\":\"https:\/\/www.handlbauer.at\/#website\"},\"datePublished\":\"2025-10-10T07:05:48+00:00\",\"dateModified\":\"2025-10-10T07:08:57+00:00\",\"breadcrumb\":{\"@id\":\"https:\/\/www.handlbauer.at\/impressum\/#breadcrumb\"},\"inLanguage\":\"de\",\"potentialAction\":[{\"@type\":\"ReadAction\",\"target\":[\"https:\/\/www.handlbauer.at\/impressum\/\"]}]},{\"@type\":\"BreadcrumbList\",\"@id\":\"https:\/\/www.handlbauer.at\/impressum\/#breadcrumb\",\"itemListElement\":[{\"@type\":\"ListItem\",\"position\":1,\"name\":\"Startseite\",\"item\":\"https:\/\/www.handlbauer.at\/\"},{\"@type\":\"ListItem\",\"position\":2,\"name\":\"Impressum\"}]},{\"@type\":\"WebSite\",\"@id\":\"https:\/\/www.handlbauer.at\/#website\",\"url\":\"https:\/\/www.handlbauer.at\/\",\"name\":\"Herbert Handlbauer GmbH\",\"description\":\"\",\"publisher\":{\"@id\":\"https:\/\/www.handlbauer.at\/#organization\"},\"potentialAction\":[{\"@type\":\"SearchAction\",\"target\":{\"@type\":\"EntryPoint\",\"urlTemplate\":\"https:\/\/www.handlbauer.at\/?s={search_term_string}\"},\"query-input\":{\"@type\":\"PropertyValueSpecification\",\"valueRequired\":true,\"valueName\":\"search_term_string\"}}],\"inLanguage\":\"de\"},{\"@type\":\"Organization\",\"@id\":\"https:\/\/www.handlbauer.at\/#organization\",\"name\":\"Herbert Handlbauer GmbH\",\"url\":\"https:\/\/www.handlbauer.at\/\",\"logo\":{\"@type\":\"ImageObject\",\"inLanguage\":\"de\",\"@id\":\"https:\/\/www.handlbauer.at\/#\/schema\/logo\/image\/\",\"url\":\"https:\/\/www.handlbauer.at\/wp-content\/uploads\/2025\/10\/handlbauer-logo-square.svg\",\"contentUrl\":\"https:\/\/www.handlbauer.at\/wp-content\/uploads\/2025\/10\/handlbauer-logo-square.svg\",\"width\":800,\"height\":800,\"caption\":\"Herbert Handlbauer GmbH\"},\"image\":{\"@id\":\"https:\/\/www.handlbauer.at\/#\/schema\/logo\/image\/\"},\"description\":\"Wir, die Herbert Handlbauer GmbH sind ein Schlacht- sowie Zerlegebetrieb f\u00fcr Rinder und Schweine. Wir bieten Dienstleistungen rund um die Zerlegung und Verpackung an. Je nach Anforderung unser Kunden, erfolgt die gew\u00fcnschte Sortierung unserer Premium-Produkte. Zuschnitte werden den Kundenw\u00fcnschen angepasst.\",\"email\":\"office@handlbauer.at\",\"telephone\":\"+43 7242 2001\",\"legalName\":\"Herbert Handlbauer GmbH\",\"vatID\":\"ATU 25021008\"}]}<\/script>\n<!-- \/ Yoast SEO Premium plugin. -->","yoast_head_json":{"title":"Handlbauer \u2013 Impressum","robots":{"index":"index","follow":"follow","max-snippet":"max-snippet:-1","max-image-preview":"max-image-preview:large","max-video-preview":"max-video-preview:-1"},"canonical":"https:\/\/www.handlbauer.at\/de_de\/impressum\/","og_locale":"de_DE","og_type":"article","og_title":"Handlbauer \u2013 Impressum","og_description":"Impressum &nbsp; Unternehmensangaben gem\u00e4\u00df \u00a7 5 E-Commerce-Gesetz (ECG) Herbert Handlbauer GmbHMarcusstra\u00dfe 21A-4600 Wels\u00d6sterreich Telefon: +43 7242 2001E-Mail: office@handlbauer.atWeb: www.handlbauer.at &nbsp; Gesch\u00e4ftsf\u00fchrung Elfi Handlbauer &nbsp; Firmenbuchdaten Firmenbuchnummer: FN 97541 vFirmenbuchgericht: Landesgericht WelsUID-Nr.: ATU 25021008 &nbsp; Mitgliedschaften und Zust\u00e4ndigkeiten Mitglied der Wirtschaftskammer \u00d6sterreich (WKO)Zust\u00e4ndige Fachgruppe: Lebensmittelindustrie \/ FleischverarbeitungAufsichtsbeh\u00f6rde: Bezirkshauptmannschaft Wels-Land &nbsp; T\u00e4tigkeitsbeschreibung Gro\u00dfschl\u00e4chterei und Fleischhauerei, Fleischexport und [&hellip;]","og_url":"https:\/\/www.handlbauer.at\/de_de\/impressum\/","og_site_name":"Handlbauer - C` est la vie - Das Leben. Ein Fest.","article_modified_time":"2025-10-10T07:08:57+00:00","og_image":[{"width":1200,"height":675,"url":"https:\/\/www.handlbauer.at\/wp-content\/uploads\/2025\/10\/handlbauer_seo.jpg","type":"image\/jpeg"}],"twitter_card":"summary_large_image","twitter_misc":{"Gesch\u00e4tzte Lesezeit":"1\u00a0Minute"},"schema":{"@context":"https:\/\/schema.org","@graph":[{"@type":"WebPage","@id":"https:\/\/www.handlbauer.at\/impressum\/","url":"https:\/\/www.handlbauer.at\/impressum\/","name":"Handlbauer \u2013 Impressum","isPartOf":{"@id":"https:\/\/www.handlbauer.at\/#website"},"datePublished":"2025-10-10T07:05:48+00:00","dateModified":"2025-10-10T07:08:57+00:00","breadcrumb":{"@id":"https:\/\/www.handlbauer.at\/impressum\/#breadcrumb"},"inLanguage":"de","potentialAction":[{"@type":"ReadAction","target":["https:\/\/www.handlbauer.at\/impressum\/"]}]},{"@type":"BreadcrumbList","@id":"https:\/\/www.handlbauer.at\/impressum\/#breadcrumb","itemListElement":[{"@type":"ListItem","position":1,"name":"Startseite","item":"https:\/\/www.handlbauer.at\/"},{"@type":"ListItem","position":2,"name":"Impressum"}]},{"@type":"WebSite","@id":"https:\/\/www.handlbauer.at\/#website","url":"https:\/\/www.handlbauer.at\/","name":"Herbert Handlbauer GmbH","description":"","publisher":{"@id":"https:\/\/www.handlbauer.at\/#organization"},"potentialAction":[{"@type":"SearchAction","target":{"@type":"EntryPoint","urlTemplate":"https:\/\/www.handlbauer.at\/?s={search_term_string}"},"query-input":{"@type":"PropertyValueSpecification","valueRequired":true,"valueName":"search_term_string"}}],"inLanguage":"de"},{"@type":"Organization","@id":"https:\/\/www.handlbauer.at\/#organization","name":"Herbert Handlbauer GmbH","url":"https:\/\/www.handlbauer.at\/","logo":{"@type":"ImageObject","inLanguage":"de","@id":"https:\/\/www.handlbauer.at\/#\/schema\/logo\/image\/","url":"https:\/\/www.handlbauer.at\/wp-content\/uploads\/2025\/10\/handlbauer-logo-square.svg","contentUrl":"https:\/\/www.handlbauer.at\/wp-content\/uploads\/2025\/10\/handlbauer-logo-square.svg","width":800,"height":800,"caption":"Herbert Handlbauer GmbH"},"image":{"@id":"https:\/\/www.handlbauer.at\/#\/schema\/logo\/image\/"},"description":"Wir, die Herbert Handlbauer GmbH sind ein Schlacht- sowie Zerlegebetrieb f\u00fcr Rinder und Schweine. Wir bieten Dienstleistungen rund um die Zerlegung und Verpackung an. Je nach Anforderung unser Kunden, erfolgt die gew\u00fcnschte Sortierung unserer Premium-Produkte. Zuschnitte werden den Kundenw\u00fcnschen angepasst.","email":"office@handlbauer.at","telephone":"+43 7242 2001","legalName":"Herbert Handlbauer GmbH","vatID":"ATU 25021008"}]}},"_links":{"self":[{"href":"https:\/\/www.handlbauer.at\/de_de\/wp-json\/wp\/v2\/pages\/1294","targetHints":{"allow":["GET"]}}],"collection":[{"href":"https:\/\/www.handlbauer.at\/de_de\/wp-json\/wp\/v2\/pages"}],"about":[{"href":"https:\/\/www.handlbauer.at\/de_de\/wp-json\/wp\/v2\/types\/page"}],"author":[{"embeddable":true,"href":"https:\/\/www.handlbauer.at\/de_de\/wp-json\/wp\/v2\/users\/1"}],"replies":[{"embeddable":true,"href":"https:\/\/www.handlbauer.at\/de_de\/wp-json\/wp\/v2\/comments?post=1294"}],"version-history":[{"count":13,"href":"https:\/\/www.handlbauer.at\/de_de\/wp-json\/wp\/v2\/pages\/1294\/revisions"}],"predecessor-version":[{"id":1308,"href":"https:\/\/www.handlbauer.at\/de_de\/wp-json\/wp\/v2\/pages\/1294\/revisions\/1308"}],"wp:attachment":[{"href":"https:\/\/www.handlbauer.at\/de_de\/wp-json\/wp\/v2\/media?parent=1294"}],"curies":[{"name":"wp","href":"https:\/\/api.w.org\/{rel}","templated":true}]}}