{"id":1252,"date":"2025-10-10T06:30:13","date_gmt":"2025-10-10T06:30:13","guid":{"rendered":"https:\/\/handlbauer-dev.agentur-b.at\/?page_id=1252"},"modified":"2025-10-10T06:43:05","modified_gmt":"2025-10-10T06:43:05","slug":"agb","status":"publish","type":"page","link":"http:\/\/www.handlbauer.at\/it\/agb\/","title":{"rendered":"GTC"},"content":{"rendered":"<div data-elementor-type=\"wp-page\" data-elementor-id=\"1252\" class=\"elementor elementor-1252\" data-elementor-post-type=\"page\">\n\t\t\t\t<div class=\"elementor-element elementor-element-4c4791c e-flex e-con-boxed e-con e-parent\" data-id=\"4c4791c\" data-element_type=\"container\">\n\t\t\t\t\t<div class=\"e-con-inner\">\n\t\t\t\t<div class=\"elementor-element elementor-element-a4db019 elementor-widget elementor-widget-heading\" data-id=\"a4db019\" data-element_type=\"widget\" data-widget_type=\"heading.default\">\n\t\t\t\t\t<h2 class=\"elementor-heading-title elementor-size-default\">Condizioni generali di vendita e consegna<\/h2>\t\t\t\t<\/div>\n\t\t\t\t<div class=\"elementor-element elementor-element-756607d elementor-widget elementor-widget-text-editor\" data-id=\"756607d\" data-element_type=\"widget\" data-widget_type=\"text-editor.default\">\n\t\t\t\t\t\t\t\t\t<h4>\u00a0<\/h4><h4>1. informazioni generali<\/h4><p>Le nostre condizioni generali di contratto rimarranno valide anche in caso di conflitto con altre condizioni generali di contratto (ad esempio su documenti come ordini, conferme d'ordine, ecc.), a meno che non abbiamo dato il nostro esplicito consenso scritto alle divergenze. Non saremo vincolati dai termini e dalle condizioni di acquisto del cliente, anche se non ci opponiamo espressamente ad essi. I presenti termini e condizioni si applicano anche alle ulteriori consegne senza un ulteriore accordo esplicito. Gli accordi collaterali verbali e le successive modifiche al contratto saranno validi solo se confermati da noi per iscritto. Le nostre offerte sono soggette a modifiche. Ci riserviamo il diritto di vendita preventiva. Tutti i prezzi si basano principalmente sulla situazione dei costi alla data dell'offerta. In caso di variazione di uno dei fattori di costo, siamo autorizzati ad adeguare il prezzo. Se le autorit\u00e0 prelevano campioni di carne e salsicce dalle nostre forniture a scopo di ispezione, il cliente ha l'obbligo di richiedere alle autorit\u00e0 competenti un controcampione ufficiale e di inviarcelo immediatamente. Le informazioni su ricette, prezzi, condizioni di consegna, quantit\u00e0 ecc. devono essere trattate con riservatezza e non devono essere trasmesse a terzi. L'assicurazione di qualsiasi tipo viene stipulata solo su richiesta e a spese del cliente, nella misura da lui richiesta.<\/p><h4>\u00a0<\/h4><h4>2. trasferimento del rischio e termini di consegna<\/h4><p>Il rischio passa all'acquirente al pi\u00f9 tardi al momento della spedizione della merce (franco fabbrica, franco stabilimento); altrimenti, tuttavia, al momento concordato della consegna o dell'accettazione. Il rischio di trasporto e la perdita di peso durante il trasporto sono a carico dell'acquirente. Se la spedizione di merce pronta per la consegna non \u00e8 possibile per nostra colpa o non \u00e8 desiderata dall'acquirente, possiamo - se abbiamo capacit\u00e0 libera - immagazzinare la merce a spese dell'acquirente, per cui la consegna \u00e8 considerata effettuata e il rischio \u00e8 considerato trasferito. Il rispetto del termine di consegna concordato \u00e8 soggetto a circostanze imprevedibili o al di fuori del controllo delle parti, come tutti i casi di forza maggiore e simili. Ci\u00f2 comprende anche eventi bellici, interventi e divieti ufficiali (anche da parte di autorit\u00e0 straniere), ritardi nei trasporti e nello sdoganamento, danni da trasporto, carenza di energia e materie prime, controversie di lavoro e simili. Queste circostanze, se dimostrate, autorizzano il cliente a recedere dal contratto o a prorogare i termini di consegna se si verificano presso i fornitori. Sono ammesse consegne parziali. In caso di carenza di merce, ci riserviamo il diritto di suddividere le consegne in base alle quantit\u00e0 di merce disponibili. Se al momento della stipula del contratto le parti contraenti hanno concordato un indennizzo per la consegna ritardata, questo verr\u00e0 corrisposto solo se l'acquirente ha subito un danno dimostrabile di tale entit\u00e0. Sono escluse la rivendicazione di ulteriori richieste di risarcimento danni e la cancellazione del contratto da parte dell'acquirente. Se non \u00e8 stato stipulato un accordo in tal senso, non \u00e8 possibile far valere alcuna richiesta di risarcimento danni per ritardata consegna. Le richieste di risarcimento danni dovute all'impossibilit\u00e0 di adempimento di cui siamo responsabili sono escluse in caso di negligenza lieve. Non saremo responsabili nei confronti delle aziende ai sensi della versione applicabile della legge sulla responsabilit\u00e0 del prodotto.<\/p><h4>\u00a0<\/h4><h4>3. Garanzia<\/h4><p>I reclami giustificati possono essere presi in considerazione solo se presentati per iscritto immediatamente dopo il ricevimento della spedizione, indicandone i motivi. La presenza di difetti non autorizza il cliente a trattenere il prezzo di acquisto o parte di esso. La merce da noi consegnata deve essere controllata subito dopo il ricevimento, trattata in modo corretto e immagazzinata o lavorata secondo le norme vigenti (ad es. Codex, direttive, ordinanze, ecc.), in particolare l'Ordinanza sull'igiene della carne. La merce deve essere conservata secondo le condizioni di conservazione riportate sulla confezione.<\/p><p><strong>Questo significa che:<\/strong><\/p><ul><li>Stoccaggio refrigerato - stoccaggio della merce in celle frigorifere o frigoriferi alla temperatura dichiarata - di solito da +2\u00b0 a + 4\u00b0 C.<\/li><li>Conservare in un luogo fresco e asciutto, a una temperatura massima di + 18\u00b0 C.<\/li><li>Conservare congelato - conservare in un apposito congelatore o in una cella frigorifera a una temperatura minima di -18\u00b0C o inferiore.<\/li><li>Non verr\u00e0 emessa alcuna nota di credito per la merce restituita a causa di una consegna non corretta, dell'immagazzinamento o della scadenza del periodo di utilizzo consigliato.<\/li><li>I resi possono essere effettuati solo con il nostro consenso. La responsabilit\u00e0 per i diritti di garanzia \u00e8 da imputarsi esclusivamente a casi di grave negligenza da parte nostra.<\/li><li>Siamo autorizzati, a nostra discrezione, a sostituire le forniture difettose o le forniture parziali entro un termine ragionevole o a emettere una nota di credito per il valore della fattura della merce difettosa, in entrambi i casi, se possibile, solo dietro restituzione della merce difettosa.<\/li><li>Sono esclusi i diritti di garanzia e\/o le richieste di risarcimento danni che superano il valore della fattura della merce difettosa.<\/li><li>Siamo responsabili nei confronti del cliente per i difetti della merce non prodotta da noi solo nella misura in cui il fornitore o il produttore a monte \u00e8 responsabile nei nostri confronti. Siamo autorizzati a cedere i nostri crediti nei confronti del fornitore a monte al destinatario della merce in caso di presunti diritti di garanzia e siamo esonerati da qualsiasi responsabilit\u00e0 in tal caso.<\/li><li>L'acquirente rinuncia a rivendicare diritti di regresso nei nostri confronti.<\/li><\/ul><h4>\u00a0<\/h4><h4>4. condizioni di pagamento<\/h4><p>I nostri prezzi sono prezzi netti, pagabili ed esigibili immediatamente al ricevimento della fattura, senza alcuna detrazione. In caso di ritardo nel pagamento, siamo autorizzati ad applicare interessi di mora pari a 5% all'anno (pi\u00f9 IVA) oltre al tasso bancario in vigore. Tutti i costi di recupero (in particolare i costi di sollecito e di riscossione), sia giudiziari che precontenziosi, o tutti i costi sostenuti da un'organizzazione di credito o di riscossione come risultato, sono a carico della parte inadempiente. L'acquirente non ha il diritto di trattenere o compensare i pagamenti dovuti a diritti di garanzia o altre contropretese. Se l'acquirente \u00e8 in ritardo con i pagamenti, o se dopo la stipula del contratto vengono a conoscenza di circostanze che mettono in dubbio la sua affidabilit\u00e0 creditizia, se sospende i pagamenti o se viene presa in considerazione l'apertura di una procedura di insolvenza, tutti i crediti diventano immediatamente esigibili. I pagamenti in entrata saranno utilizzati per saldare il debito pi\u00f9 vecchio. Saremo quindi autorizzati a effettuare le consegne in sospeso solo a fronte di un pagamento in contanti o anticipato o della costituzione di una garanzia. L'Acquirente accetta che siamo autorizzati ad assumere i debiti delle societ\u00e0 del gruppo Handlbauer al loro posto e a compensarli con i crediti del gruppo Handlbauer nei confronti dell'Acquirente.<\/p><h4>\u00a0<\/h4><h4>5. riserva di propriet\u00e0<\/h4><p>Fino al pagamento completo, ci riserviamo il diritto di propriet\u00e0 sull'oggetto d'acquisto o sul ricavato della rivendita. Questa riserva non pu\u00f2 essere annullata da una lavorazione, da una mescolanza, in qualsiasi forma e in qualsiasi luogo. Finch\u00e9 l'acquirente \u00e8 in grado di adempiere ai suoi obblighi nei nostri confronti come concordato, \u00e8 autorizzato a disporre della nostra propriet\u00e0 riservata nel corso degli affari ordinari. Non sono consentite alienazioni straordinarie, come pegni, trasferimenti a titolo di garanzia, cessioni, ecc. L'Acquirente \u00e8 tenuto a comunicarci immediatamente l'accesso di terzi alla merce e ai crediti soggetti alla nostra riserva di propriet\u00e0.<\/p><h4>\u00a0<\/h4><h4>6. norme igieniche per le carni fresche<\/h4><p>Questa carne proviene da animali ritenuti idonei al consumo ed \u00e8 stata ottenuta, lavorata, immagazzinata e trasportata in conformit\u00e0 alle disposizioni dell'Ordinanza sull'igiene della carne (di pollame).<\/p><h4>\u00a0<\/h4><h4>Luogo di giurisdizione<\/h4><p>Il luogo di adempimento e la giurisdizione per entrambe le parti \u00e8 il tribunale competente presso la sede legale della nostra societ\u00e0. Si applica il diritto austriaco.<\/p>\t\t\t\t\t\t\t\t<\/div>\n\t\t\t\t\t<\/div>\n\t\t\t\t<\/div>\n\t\t\t\t<\/div>","protected":false},"excerpt":{"rendered":"<p>Condizioni generali di vendita e consegna 1 Generalit\u00e0 Le nostre condizioni generali di vendita restano valide come parte del contratto anche in caso di conflitto con altre condizioni generali di vendita (ad esempio su documenti come ordini, conferme d'ordine, ecc.), a meno che non abbiamo dato il nostro esplicito consenso scritto a delle divergenze. Non saremo vincolati dalle condizioni di acquisto del cliente, anche se non ci opponiamo espressamente ad esse. Per ulteriori [...]<\/p>","protected":false},"author":1,"featured_media":0,"parent":0,"menu_order":0,"comment_status":"closed","ping_status":"closed","template":"elementor_header_footer","meta":{"_acf_changed":false,"footnotes":""},"class_list":["post-1252","page","type-page","status-publish","hentry"],"acf":[],"yoast_head":"<!-- This site is optimized with the Yoast SEO Premium plugin v26.2 (Yoast SEO v26.2) - https:\/\/yoast.com\/wordpress\/plugins\/seo\/ -->\n<title>Handlbauer \u2013 AGB<\/title>\n<meta name=\"robots\" content=\"index, follow, max-snippet:-1, max-image-preview:large, max-video-preview:-1\" \/>\n<link rel=\"canonical\" href=\"https:\/\/www.handlbauer.at\/it\/agb\/\" \/>\n<meta property=\"og:locale\" content=\"it_IT\" \/>\n<meta property=\"og:type\" content=\"article\" \/>\n<meta property=\"og:title\" content=\"Handlbauer \u2013 AGB\" \/>\n<meta property=\"og:description\" content=\"Allgemeine Verkaufs- und Lieferbedingungen \u00a0 1. Allgemeines Unsere allgemeinen Bedingungen bleiben auch im Falle entgegenstehender anderer allgemeiner Bedingungen (z. B. auf Unterlagen wie Auftr\u00e4gen, Auftragsbest\u00e4tigungen etc.) als Vertragsinhalt wirksam, solange unsererseits nicht die ausdr\u00fcckliche schriftliche Zustimmung zu Abweichungen gegeben wurde. Einkaufsbedingungen des Bestellers verpflichten uns nicht, auch wenn wir ihnen nicht ausdr\u00fccklich widersprechen. F\u00fcr weitere [&hellip;]\" \/>\n<meta property=\"og:url\" content=\"https:\/\/www.handlbauer.at\/it\/agb\/\" \/>\n<meta property=\"og:site_name\" content=\"Handlbauer - C` est la vie - Das Leben. Ein Fest.\" \/>\n<meta property=\"article:modified_time\" content=\"2025-10-10T06:43:05+00:00\" \/>\n<meta property=\"og:image\" content=\"https:\/\/www.handlbauer.at\/wp-content\/uploads\/2025\/10\/handlbauer_seo.jpg\" \/>\n\t<meta property=\"og:image:width\" content=\"1200\" \/>\n\t<meta property=\"og:image:height\" content=\"675\" \/>\n\t<meta property=\"og:image:type\" content=\"image\/jpeg\" \/>\n<meta name=\"twitter:card\" content=\"summary_large_image\" \/>\n<meta name=\"twitter:label1\" content=\"Tempo di lettura stimato\" \/>\n\t<meta name=\"twitter:data1\" content=\"6 minuti\" \/>\n<script type=\"application\/ld+json\" class=\"yoast-schema-graph\">{\"@context\":\"https:\/\/schema.org\",\"@graph\":[{\"@type\":\"WebPage\",\"@id\":\"https:\/\/www.handlbauer.at\/agb\/\",\"url\":\"https:\/\/www.handlbauer.at\/agb\/\",\"name\":\"Handlbauer \u2013 AGB\",\"isPartOf\":{\"@id\":\"https:\/\/www.handlbauer.at\/#website\"},\"datePublished\":\"2025-10-10T06:30:13+00:00\",\"dateModified\":\"2025-10-10T06:43:05+00:00\",\"breadcrumb\":{\"@id\":\"https:\/\/www.handlbauer.at\/agb\/#breadcrumb\"},\"inLanguage\":\"it-IT\",\"potentialAction\":[{\"@type\":\"ReadAction\",\"target\":[\"https:\/\/www.handlbauer.at\/agb\/\"]}]},{\"@type\":\"BreadcrumbList\",\"@id\":\"https:\/\/www.handlbauer.at\/agb\/#breadcrumb\",\"itemListElement\":[{\"@type\":\"ListItem\",\"position\":1,\"name\":\"Startseite\",\"item\":\"https:\/\/www.handlbauer.at\/\"},{\"@type\":\"ListItem\",\"position\":2,\"name\":\"AGB\"}]},{\"@type\":\"WebSite\",\"@id\":\"https:\/\/www.handlbauer.at\/#website\",\"url\":\"https:\/\/www.handlbauer.at\/\",\"name\":\"Herbert Handlbauer GmbH\",\"description\":\"\",\"publisher\":{\"@id\":\"https:\/\/www.handlbauer.at\/#organization\"},\"potentialAction\":[{\"@type\":\"SearchAction\",\"target\":{\"@type\":\"EntryPoint\",\"urlTemplate\":\"https:\/\/www.handlbauer.at\/?s={search_term_string}\"},\"query-input\":{\"@type\":\"PropertyValueSpecification\",\"valueRequired\":true,\"valueName\":\"search_term_string\"}}],\"inLanguage\":\"it-IT\"},{\"@type\":\"Organization\",\"@id\":\"https:\/\/www.handlbauer.at\/#organization\",\"name\":\"Herbert Handlbauer GmbH\",\"url\":\"https:\/\/www.handlbauer.at\/\",\"logo\":{\"@type\":\"ImageObject\",\"inLanguage\":\"it-IT\",\"@id\":\"https:\/\/www.handlbauer.at\/#\/schema\/logo\/image\/\",\"url\":\"https:\/\/www.handlbauer.at\/wp-content\/uploads\/2025\/10\/handlbauer-logo-square.svg\",\"contentUrl\":\"https:\/\/www.handlbauer.at\/wp-content\/uploads\/2025\/10\/handlbauer-logo-square.svg\",\"width\":800,\"height\":800,\"caption\":\"Herbert Handlbauer GmbH\"},\"image\":{\"@id\":\"https:\/\/www.handlbauer.at\/#\/schema\/logo\/image\/\"},\"description\":\"Wir, die Herbert Handlbauer GmbH sind ein Schlacht- sowie Zerlegebetrieb f\u00fcr Rinder und Schweine. Wir bieten Dienstleistungen rund um die Zerlegung und Verpackung an. Je nach Anforderung unser Kunden, erfolgt die gew\u00fcnschte Sortierung unserer Premium-Produkte. Zuschnitte werden den Kundenw\u00fcnschen angepasst.\",\"email\":\"office@handlbauer.at\",\"telephone\":\"+43 7242 2001\",\"legalName\":\"Herbert Handlbauer GmbH\",\"vatID\":\"ATU 25021008\"}]}<\/script>\n<!-- \/ Yoast SEO Premium plugin. -->","yoast_head_json":{"title":"Handlbauer - AGB","robots":{"index":"index","follow":"follow","max-snippet":"max-snippet:-1","max-image-preview":"max-image-preview:large","max-video-preview":"max-video-preview:-1"},"canonical":"https:\/\/www.handlbauer.at\/it\/agb\/","og_locale":"it_IT","og_type":"article","og_title":"Handlbauer \u2013 AGB","og_description":"Allgemeine Verkaufs- und Lieferbedingungen \u00a0 1. Allgemeines Unsere allgemeinen Bedingungen bleiben auch im Falle entgegenstehender anderer allgemeiner Bedingungen (z. B. auf Unterlagen wie Auftr\u00e4gen, Auftragsbest\u00e4tigungen etc.) als Vertragsinhalt wirksam, solange unsererseits nicht die ausdr\u00fcckliche schriftliche Zustimmung zu Abweichungen gegeben wurde. Einkaufsbedingungen des Bestellers verpflichten uns nicht, auch wenn wir ihnen nicht ausdr\u00fccklich widersprechen. F\u00fcr weitere [&hellip;]","og_url":"https:\/\/www.handlbauer.at\/it\/agb\/","og_site_name":"Handlbauer - C` est la vie - Das Leben. Ein Fest.","article_modified_time":"2025-10-10T06:43:05+00:00","og_image":[{"width":1200,"height":675,"url":"https:\/\/www.handlbauer.at\/wp-content\/uploads\/2025\/10\/handlbauer_seo.jpg","type":"image\/jpeg"}],"twitter_card":"summary_large_image","twitter_misc":{"Tempo di lettura stimato":"6 minuti"},"schema":{"@context":"https:\/\/schema.org","@graph":[{"@type":"WebPage","@id":"https:\/\/www.handlbauer.at\/agb\/","url":"https:\/\/www.handlbauer.at\/agb\/","name":"Handlbauer - AGB","isPartOf":{"@id":"https:\/\/www.handlbauer.at\/#website"},"datePublished":"2025-10-10T06:30:13+00:00","dateModified":"2025-10-10T06:43:05+00:00","breadcrumb":{"@id":"https:\/\/www.handlbauer.at\/agb\/#breadcrumb"},"inLanguage":"it-IT","potentialAction":[{"@type":"ReadAction","target":["https:\/\/www.handlbauer.at\/agb\/"]}]},{"@type":"BreadcrumbList","@id":"https:\/\/www.handlbauer.at\/agb\/#breadcrumb","itemListElement":[{"@type":"ListItem","position":1,"name":"Startseite","item":"https:\/\/www.handlbauer.at\/"},{"@type":"ListItem","position":2,"name":"AGB"}]},{"@type":"WebSite","@id":"https:\/\/www.handlbauer.at\/#website","url":"https:\/\/www.handlbauer.at\/","name":"Herbert Handlbauer GmbH","description":"","publisher":{"@id":"https:\/\/www.handlbauer.at\/#organization"},"potentialAction":[{"@type":"SearchAction","target":{"@type":"EntryPoint","urlTemplate":"https:\/\/www.handlbauer.at\/?s={search_term_string}"},"query-input":{"@type":"PropertyValueSpecification","valueRequired":true,"valueName":"search_term_string"}}],"inLanguage":"it-IT"},{"@type":"Organization","@id":"https:\/\/www.handlbauer.at\/#organization","name":"Herbert Handlbauer GmbH","url":"https:\/\/www.handlbauer.at\/","logo":{"@type":"ImageObject","inLanguage":"it-IT","@id":"https:\/\/www.handlbauer.at\/#\/schema\/logo\/image\/","url":"https:\/\/www.handlbauer.at\/wp-content\/uploads\/2025\/10\/handlbauer-logo-square.svg","contentUrl":"https:\/\/www.handlbauer.at\/wp-content\/uploads\/2025\/10\/handlbauer-logo-square.svg","width":800,"height":800,"caption":"Herbert Handlbauer GmbH"},"image":{"@id":"https:\/\/www.handlbauer.at\/#\/schema\/logo\/image\/"},"description":"Noi, Herbert Handlbauer GmbH, siamo un macello e un laboratorio di sezionamento per bovini e suini. Offriamo servizi di taglio e confezionamento. I nostri prodotti di prima qualit\u00e0 sono selezionati in base alle esigenze dei nostri clienti. I tagli sono adattati ai desideri del cliente.","email":"office@handlbauer.at","telephone":"+43 7242 2001","legalName":"Herbert Handlbauer GmbH","vatID":"ATU 25021008"}]}},"_links":{"self":[{"href":"http:\/\/www.handlbauer.at\/it\/wp-json\/wp\/v2\/pages\/1252","targetHints":{"allow":["GET"]}}],"collection":[{"href":"http:\/\/www.handlbauer.at\/it\/wp-json\/wp\/v2\/pages"}],"about":[{"href":"http:\/\/www.handlbauer.at\/it\/wp-json\/wp\/v2\/types\/page"}],"author":[{"embeddable":true,"href":"http:\/\/www.handlbauer.at\/it\/wp-json\/wp\/v2\/users\/1"}],"replies":[{"embeddable":true,"href":"http:\/\/www.handlbauer.at\/it\/wp-json\/wp\/v2\/comments?post=1252"}],"version-history":[{"count":16,"href":"http:\/\/www.handlbauer.at\/it\/wp-json\/wp\/v2\/pages\/1252\/revisions"}],"predecessor-version":[{"id":1270,"href":"http:\/\/www.handlbauer.at\/it\/wp-json\/wp\/v2\/pages\/1252\/revisions\/1270"}],"wp:attachment":[{"href":"http:\/\/www.handlbauer.at\/it\/wp-json\/wp\/v2\/media?parent=1252"}],"curies":[{"name":"wp","href":"https:\/\/api.w.org\/{rel}","templated":true}]}}