{"id":1122,"date":"2025-10-07T11:11:22","date_gmt":"2025-10-07T11:11:22","guid":{"rendered":"https:\/\/handlbauer-dev.agentur-b.at\/?page_id=1122"},"modified":"2025-10-29T10:14:09","modified_gmt":"2025-10-29T10:14:09","slug":"kontakt","status":"publish","type":"page","link":"http:\/\/www.handlbauer.at\/de_de\/kontakt\/","title":{"rendered":"Kontakt"},"content":{"rendered":"\t\t<div data-elementor-type=\"wp-page\" data-elementor-id=\"1122\" class=\"elementor elementor-1122\" data-elementor-post-type=\"page\">\n\t\t\t\t<div class=\"elementor-element elementor-element-565fafa5 e-flex e-con-boxed e-con e-parent\" data-id=\"565fafa5\" data-element_type=\"container\" data-settings=\"{&quot;background_background&quot;:&quot;classic&quot;}\">\n\t\t\t\t\t<div class=\"e-con-inner\">\n\t\t<div class=\"elementor-element elementor-element-517e0466 animated-fast e-flex e-con-boxed elementor-invisible e-con e-child\" data-id=\"517e0466\" data-element_type=\"container\" data-settings=\"{&quot;animation&quot;:&quot;fadeIn&quot;,&quot;animation_delay&quot;:500}\">\n\t\t\t\t\t<div class=\"e-con-inner\">\n\t\t\t\t<div class=\"elementor-element elementor-element-6eac93ff elementor-widget elementor-widget-heading\" data-id=\"6eac93ff\" data-element_type=\"widget\" data-widget_type=\"heading.default\">\n\t\t\t\t\t<h6 class=\"elementor-heading-title elementor-size-default\">Kontakt<\/h6>\t\t\t\t<\/div>\n\t\t\t\t<div class=\"elementor-element elementor-element-7cc2c0bf elementor-widget__width-initial elementor-widget-mobile__width-inherit elementor-widget elementor-widget-heading\" data-id=\"7cc2c0bf\" data-element_type=\"widget\" data-widget_type=\"heading.default\">\n\t\t\t\t\t<h1 class=\"elementor-heading-title elementor-size-default\">Wir sind f\u00fcr Sie da \u2013 pers\u00f6nlich, direkt und verl\u00e4sslich.<\/h1>\t\t\t\t<\/div>\n\t\t\t\t<div class=\"elementor-element elementor-element-331b3960 elementor-widget__width-initial elementor-widget elementor-widget-heading\" data-id=\"331b3960\" data-element_type=\"widget\" data-widget_type=\"heading.default\">\n\t\t\t\t\t<p class=\"elementor-heading-title elementor-size-default\">Wir legen Wert auf pers\u00f6nlichen Kontakt und direkte Kommunikation.\nOb telefonisch, per E-Mail oder \u00fcber unser Kontaktformular \u2013 bei Handlbauer finden Sie immer die richtige Ansprechperson f\u00fcr Ihr Anliegen. Schnell, verl\u00e4sslich und mit echter Handschlagqualit\u00e4t.<\/p>\t\t\t\t<\/div>\n\t\t\t\t\t<\/div>\n\t\t\t\t<\/div>\n\t\t\t\t\t<\/div>\n\t\t\t\t<\/div>\n\t\t<div class=\"elementor-element elementor-element-55398a0b e-flex e-con-boxed e-con e-parent\" data-id=\"55398a0b\" data-element_type=\"container\" data-settings=\"{&quot;background_background&quot;:&quot;classic&quot;}\">\n\t\t\t\t\t<div class=\"e-con-inner\">\n\t\t<div class=\"elementor-element elementor-element-7bdbb0c1 e-con-full animated-fast e-flex elementor-invisible e-con e-child\" data-id=\"7bdbb0c1\" data-element_type=\"container\" data-settings=\"{&quot;animation&quot;:&quot;fadeIn&quot;,&quot;animation_delay&quot;:800,&quot;background_background&quot;:&quot;classic&quot;}\">\n\t\t\t\t<div class=\"elementor-element elementor-element-7c794ad0 elementor-widget__width-inherit elementor-button-align-start elementor-mobile-button-align-stretch elementor-widget elementor-widget-form\" data-id=\"7c794ad0\" data-element_type=\"widget\" data-settings=\"{&quot;step_next_label&quot;:&quot;Next&quot;,&quot;step_previous_label&quot;:&quot;Previous&quot;,&quot;button_width&quot;:&quot;100&quot;,&quot;step_type&quot;:&quot;number_text&quot;,&quot;step_icon_shape&quot;:&quot;circle&quot;}\" data-widget_type=\"form.default\">\n\t\t\t\t\t\t\t<form class=\"elementor-form\" method=\"post\" name=\"New Form\" aria-label=\"New Form\" novalidate=\"\">\n\t\t\t<input type=\"hidden\" name=\"post_id\" value=\"1122\"\/>\n\t\t\t<input type=\"hidden\" name=\"form_id\" value=\"7c794ad0\"\/>\n\t\t\t<input type=\"hidden\" name=\"referer_title\" value=\"Handlbauer \u2013 Kontakt\" \/>\n\n\t\t\t\t\t\t\t<input type=\"hidden\" name=\"queried_id\" value=\"1122\"\/>\n\t\t\t\n\t\t\t<div class=\"elementor-form-fields-wrapper elementor-labels-above\">\n\t\t\t\t\t\t\t\t<div class=\"elementor-field-type-text elementor-field-group elementor-column elementor-field-group-name elementor-col-50 elementor-field-required\">\n\t\t\t\t\t\t\t\t\t\t\t\t\t<input size=\"1\" type=\"text\" name=\"form_fields[name]\" id=\"form-field-name\" class=\"elementor-field elementor-size-lg  elementor-field-textual\" placeholder=\"Vor- und Nachname\" required=\"required\">\n\t\t\t\t\t\t\t\t\t\t\t<\/div>\n\t\t\t\t\t\t\t\t<div class=\"elementor-field-type-email elementor-field-group elementor-column elementor-field-group-email elementor-col-50 elementor-field-required\">\n\t\t\t\t\t\t\t\t\t\t\t\t\t<input size=\"1\" type=\"email\" name=\"form_fields[email]\" id=\"form-field-email\" class=\"elementor-field elementor-size-lg  elementor-field-textual\" placeholder=\"E-Mailadresse\" required=\"required\">\n\t\t\t\t\t\t\t\t\t\t\t<\/div>\n\t\t\t\t\t\t\t\t<div class=\"elementor-field-type-select elementor-field-group elementor-column elementor-field-group-betreff elementor-col-50 elementor-field-required\">\n\t\t\t\t\t\t\t<div class=\"elementor-field elementor-select-wrapper remove-before \">\n\t\t\t<div class=\"select-caret-down-wrapper\">\n\t\t\t\t<svg aria-hidden=\"true\" class=\"e-font-icon-svg e-eicon-caret-down\" viewBox=\"0 0 571.4 571.4\" xmlns=\"http:\/\/www.w3.org\/2000\/svg\"><path d=\"M571 393Q571 407 561 418L311 668Q300 679 286 679T261 668L11 418Q0 407 0 393T11 368 36 357H536Q550 357 561 368T571 393Z\"><\/path><\/svg>\t\t\t<\/div>\n\t\t\t<select name=\"form_fields[betreff]\" id=\"form-field-betreff\" class=\"elementor-field-textual elementor-size-lg\" required=\"required\">\n\t\t\t\t\t\t\t\t\t<option value=\"Grund der Kontaktaufnahme\">Grund der Kontaktaufnahme<\/option>\n\t\t\t\t\t\t\t\t\t<option value=\"Schlachtanmeldung\">Schlachtanmeldung<\/option>\n\t\t\t\t\t\t\t\t\t<option value=\"Registrierung als Lieferant\">Registrierung als Lieferant<\/option>\n\t\t\t\t\t\t\t\t\t<option value=\"Sonstiges\">Sonstiges<\/option>\n\t\t\t\t\t\t\t<\/select>\n\t\t<\/div>\n\t\t\t\t\t\t<\/div>\n\t\t\t\t\t\t\t\t<div class=\"elementor-field-type-text elementor-field-group elementor-column elementor-field-group-telefonnummer elementor-col-50 elementor-field-required\">\n\t\t\t\t\t\t\t\t\t\t\t\t\t<input size=\"1\" type=\"text\" name=\"form_fields[telefonnummer]\" id=\"form-field-telefonnummer\" class=\"elementor-field elementor-size-lg  elementor-field-textual\" placeholder=\"Telefonnummer\" required=\"required\">\n\t\t\t\t\t\t\t\t\t\t\t<\/div>\n\t\t\t\t\t\t\t\t<div class=\"elementor-field-type-textarea elementor-field-group elementor-column elementor-field-group-nachricht elementor-col-100\">\n\t\t\t\t\t<textarea class=\"elementor-field-textual elementor-field  elementor-size-lg\" name=\"form_fields[nachricht]\" id=\"form-field-nachricht\" rows=\"5\" placeholder=\"Nachricht\"><\/textarea>\t\t\t\t<\/div>\n\t\t\t\t\t\t\t\t<div class=\"elementor-field-type-acceptance elementor-field-group elementor-column elementor-field-group-dsgvo elementor-col-100 elementor-field-required\">\n\t\t\t\t\t\t\t<div class=\"elementor-field-subgroup\">\n\t\t\t<span class=\"elementor-field-option\">\n\t\t\t\t<input type=\"checkbox\" name=\"form_fields[dsgvo]\" id=\"form-field-dsgvo\" class=\"elementor-field elementor-size-lg  elementor-acceptance-field\" required=\"required\">\n\t\t\t\t<label for=\"form-field-dsgvo\">Ich stimme zu dass meine \u00fcbermittelten Daten f\u00fcr die weitere Verarbeitung und Kontaktaufnahme genutzt werden.<\/label>\t\t\t<\/span>\n\t\t<\/div>\n\t\t\t\t\t\t<\/div>\n\t\t\t\t\t\t\t\t<div class=\"elementor-field-type-text\">\n\t\t\t\t\t<input size=\"1\" type=\"text\" name=\"form_fields[stahocesdakazes]\" id=\"form-field-stahocesdakazes\" class=\"elementor-field elementor-size-lg \" style=\"display:none !important;\">\t\t\t\t<\/div>\n\t\t\t\t\t\t\t\t<div class=\"elementor-field-group elementor-column elementor-field-type-submit elementor-col-100 e-form__buttons\">\n\t\t\t\t\t<button class=\"elementor-button elementor-size-sm\" type=\"submit\">\n\t\t\t\t\t\t<span class=\"elementor-button-content-wrapper\">\n\t\t\t\t\t\t\t\t\t\t\t\t\t\t\t\t\t\t\t\t\t\t<span class=\"elementor-button-text\">Senden<\/span>\n\t\t\t\t\t\t\t\t\t\t\t\t\t<\/span>\n\t\t\t\t\t<\/button>\n\t\t\t\t<\/div>\n\t\t\t<\/div>\n\t\t<\/form>\n\t\t\t\t\t\t<\/div>\n\t\t\t\t<\/div>\n\t\t<div class=\"elementor-element elementor-element-4aa05d4f e-grid e-con-boxed e-con e-child\" data-id=\"4aa05d4f\" data-element_type=\"container\">\n\t\t\t\t\t<div class=\"e-con-inner\">\n\t\t<div class=\"elementor-element elementor-element-77df2e37 e-con-full animated-fast e-flex elementor-invisible e-con e-child\" data-id=\"77df2e37\" data-element_type=\"container\" data-settings=\"{&quot;background_background&quot;:&quot;classic&quot;,&quot;animation&quot;:&quot;fadeIn&quot;,&quot;animation_delay&quot;:750}\">\n\t\t<div class=\"elementor-element elementor-element-2a78d56e e-grid e-con-full e-con e-child\" data-id=\"2a78d56e\" data-element_type=\"container\">\n\t\t\t\t<div class=\"elementor-element elementor-element-67e9ab30 elementor-view-stacked elementor-shape-circle elementor-widget elementor-widget-icon\" data-id=\"67e9ab30\" data-element_type=\"widget\" data-widget_type=\"icon.default\">\n\t\t\t\t\t\t\t<div class=\"elementor-icon-wrapper\">\n\t\t\t<div class=\"elementor-icon\">\n\t\t\t<svg xmlns=\"http:\/\/www.w3.org\/2000\/svg\" id=\"Outline\" viewBox=\"0 0 24 24\" width=\"512\" height=\"512\"><path d=\"M12,6a4,4,0,1,0,4,4A4,4,0,0,0,12,6Zm0,6a2,2,0,1,1,2-2A2,2,0,0,1,12,12Z\"><\/path><path d=\"M12,24a5.271,5.271,0,0,1-4.311-2.2c-3.811-5.257-5.744-9.209-5.744-11.747a10.055,10.055,0,0,1,20.11,0c0,2.538-1.933,6.49-5.744,11.747A5.271,5.271,0,0,1,12,24ZM12,2.181a7.883,7.883,0,0,0-7.874,7.874c0,2.01,1.893,5.727,5.329,10.466a3.145,3.145,0,0,0,5.09,0c3.436-4.739,5.329-8.456,5.329-10.466A7.883,7.883,0,0,0,12,2.181Z\"><\/path><\/svg>\t\t\t<\/div>\n\t\t<\/div>\n\t\t\t\t\t\t<\/div>\n\t\t\t\t<div class=\"elementor-element elementor-element-18be2ddb elementor-widget elementor-widget-heading\" data-id=\"18be2ddb\" data-element_type=\"widget\" data-widget_type=\"heading.default\">\n\t\t\t\t\t<h4 class=\"elementor-heading-title elementor-size-default\">Linz<\/h4>\t\t\t\t<\/div>\n\t\t\t\t<\/div>\n\t\t\t\t<div class=\"elementor-element elementor-element-4f0a8376 elementor-widget-divider--view-line elementor-widget elementor-widget-divider\" data-id=\"4f0a8376\" data-element_type=\"widget\" data-widget_type=\"divider.default\">\n\t\t\t\t\t\t\t<div class=\"elementor-divider\">\n\t\t\t<span class=\"elementor-divider-separator\">\n\t\t\t\t\t\t<\/span>\n\t\t<\/div>\n\t\t\t\t\t\t<\/div>\n\t\t\t\t<div class=\"elementor-element elementor-element-1fa1c3ca elementor-widget elementor-widget-text-editor\" data-id=\"1fa1c3ca\" data-element_type=\"widget\" data-widget_type=\"text-editor.default\">\n\t\t\t\t\t\t\t\t\t<p>Holzstra\u00dfe 5<br \/>A-4020 Linz<br \/>Tel.: +43 732 7658-0<br \/>Fax: +43 732 7658-100<br \/>E-Mail: <a href=\"mailto:office@handlbauer.at\">office@handlbauer.at<\/a><\/p>\t\t\t\t\t\t\t\t<\/div>\n\t\t\t\t<div class=\"elementor-element elementor-element-0a555cd elementor-widget elementor-widget-google_maps\" data-id=\"0a555cd\" data-element_type=\"widget\" data-widget_type=\"google_maps.default\">\n\t\t\t\t\t\t\t<div class=\"elementor-custom-embed\">\n\t\t\t<iframe loading=\"lazy\"\n\t\t\t\t\tsrc=\"https:\/\/maps.google.com\/maps?q=Holzstra%C3%9Fe%205%20A-4020%20Linz&#038;t=m&#038;z=10&#038;output=embed&#038;iwloc=near\"\n\t\t\t\t\ttitle=\"Holzstra\u00dfe 5 A-4020 Linz\"\n\t\t\t\t\taria-label=\"Holzstra\u00dfe 5 A-4020 Linz\"\n\t\t\t><\/iframe>\n\t\t<\/div>\n\t\t\t\t\t\t<\/div>\n\t\t\t\t<\/div>\n\t\t<div class=\"elementor-element elementor-element-3694dfe e-con-full animated-fast e-flex elementor-invisible e-con e-child\" data-id=\"3694dfe\" data-element_type=\"container\" data-settings=\"{&quot;background_background&quot;:&quot;classic&quot;,&quot;animation&quot;:&quot;fadeIn&quot;,&quot;animation_delay&quot;:750}\">\n\t\t<div class=\"elementor-element elementor-element-c9c0296 e-grid e-con-full e-con e-child\" data-id=\"c9c0296\" data-element_type=\"container\">\n\t\t\t\t<div class=\"elementor-element elementor-element-a9a53af elementor-view-stacked elementor-shape-circle elementor-widget elementor-widget-icon\" data-id=\"a9a53af\" data-element_type=\"widget\" data-widget_type=\"icon.default\">\n\t\t\t\t\t\t\t<div class=\"elementor-icon-wrapper\">\n\t\t\t<div class=\"elementor-icon\">\n\t\t\t<svg xmlns=\"http:\/\/www.w3.org\/2000\/svg\" id=\"Outline\" viewBox=\"0 0 24 24\" width=\"512\" height=\"512\"><path d=\"M12,6a4,4,0,1,0,4,4A4,4,0,0,0,12,6Zm0,6a2,2,0,1,1,2-2A2,2,0,0,1,12,12Z\"><\/path><path d=\"M12,24a5.271,5.271,0,0,1-4.311-2.2c-3.811-5.257-5.744-9.209-5.744-11.747a10.055,10.055,0,0,1,20.11,0c0,2.538-1.933,6.49-5.744,11.747A5.271,5.271,0,0,1,12,24ZM12,2.181a7.883,7.883,0,0,0-7.874,7.874c0,2.01,1.893,5.727,5.329,10.466a3.145,3.145,0,0,0,5.09,0c3.436-4.739,5.329-8.456,5.329-10.466A7.883,7.883,0,0,0,12,2.181Z\"><\/path><\/svg>\t\t\t<\/div>\n\t\t<\/div>\n\t\t\t\t\t\t<\/div>\n\t\t\t\t<div class=\"elementor-element elementor-element-6bb0cba elementor-widget elementor-widget-heading\" data-id=\"6bb0cba\" data-element_type=\"widget\" data-widget_type=\"heading.default\">\n\t\t\t\t\t<h4 class=\"elementor-heading-title elementor-size-default\">Wels<\/h4>\t\t\t\t<\/div>\n\t\t\t\t<\/div>\n\t\t\t\t<div class=\"elementor-element elementor-element-2e49d52 elementor-widget-divider--view-line elementor-widget elementor-widget-divider\" data-id=\"2e49d52\" data-element_type=\"widget\" data-widget_type=\"divider.default\">\n\t\t\t\t\t\t\t<div class=\"elementor-divider\">\n\t\t\t<span class=\"elementor-divider-separator\">\n\t\t\t\t\t\t<\/span>\n\t\t<\/div>\n\t\t\t\t\t\t<\/div>\n\t\t\t\t<div class=\"elementor-element elementor-element-b188466 elementor-widget elementor-widget-text-editor\" data-id=\"b188466\" data-element_type=\"widget\" data-widget_type=\"text-editor.default\">\n\t\t\t\t\t\t\t\t\t<p>Marcusstra\u00dfe 21<br \/>A-4600 Wels<br \/>Tel.: +43 664 88623325<br \/>E-Mail: <a href=\"mailto:tkhwels@handlbauer.at\">tkhwels@handlbauer.at<\/a><br \/><br \/><\/p>\t\t\t\t\t\t\t\t<\/div>\n\t\t\t\t<div class=\"elementor-element elementor-element-127aaa6 elementor-widget elementor-widget-google_maps\" data-id=\"127aaa6\" data-element_type=\"widget\" data-widget_type=\"google_maps.default\">\n\t\t\t\t\t\t\t<div class=\"elementor-custom-embed\">\n\t\t\t<iframe loading=\"lazy\"\n\t\t\t\t\tsrc=\"https:\/\/maps.google.com\/maps?q=Marcusstra%C3%9Fe%2021%20A-4600%20Wels&#038;t=m&#038;z=10&#038;output=embed&#038;iwloc=near\"\n\t\t\t\t\ttitle=\"Marcusstra\u00dfe 21 A-4600 Wels\"\n\t\t\t\t\taria-label=\"Marcusstra\u00dfe 21 A-4600 Wels\"\n\t\t\t><\/iframe>\n\t\t<\/div>\n\t\t\t\t\t\t<\/div>\n\t\t\t\t<\/div>\n\t\t<div class=\"elementor-element elementor-element-29c800b e-con-full animated-fast e-flex elementor-invisible e-con e-child\" data-id=\"29c800b\" data-element_type=\"container\" data-settings=\"{&quot;background_background&quot;:&quot;classic&quot;,&quot;animation&quot;:&quot;fadeIn&quot;,&quot;animation_delay&quot;:750}\">\n\t\t<div class=\"elementor-element elementor-element-e627d5a e-grid e-con-full e-con e-child\" data-id=\"e627d5a\" data-element_type=\"container\">\n\t\t\t\t<div class=\"elementor-element elementor-element-627af95 elementor-view-stacked elementor-shape-circle elementor-widget elementor-widget-icon\" data-id=\"627af95\" data-element_type=\"widget\" data-widget_type=\"icon.default\">\n\t\t\t\t\t\t\t<div class=\"elementor-icon-wrapper\">\n\t\t\t<div class=\"elementor-icon\">\n\t\t\t<svg xmlns=\"http:\/\/www.w3.org\/2000\/svg\" id=\"Outline\" viewBox=\"0 0 24 24\" width=\"512\" height=\"512\"><path d=\"M12,6a4,4,0,1,0,4,4A4,4,0,0,0,12,6Zm0,6a2,2,0,1,1,2-2A2,2,0,0,1,12,12Z\"><\/path><path d=\"M12,24a5.271,5.271,0,0,1-4.311-2.2c-3.811-5.257-5.744-9.209-5.744-11.747a10.055,10.055,0,0,1,20.11,0c0,2.538-1.933,6.49-5.744,11.747A5.271,5.271,0,0,1,12,24ZM12,2.181a7.883,7.883,0,0,0-7.874,7.874c0,2.01,1.893,5.727,5.329,10.466a3.145,3.145,0,0,0,5.09,0c3.436-4.739,5.329-8.456,5.329-10.466A7.883,7.883,0,0,0,12,2.181Z\"><\/path><\/svg>\t\t\t<\/div>\n\t\t<\/div>\n\t\t\t\t\t\t<\/div>\n\t\t\t\t<div class=\"elementor-element elementor-element-c964a12 elementor-widget elementor-widget-heading\" data-id=\"c964a12\" data-element_type=\"widget\" data-widget_type=\"heading.default\">\n\t\t\t\t\t<h4 class=\"elementor-heading-title elementor-size-default\">Ried\/Traunkreis<\/h4>\t\t\t\t<\/div>\n\t\t\t\t<\/div>\n\t\t\t\t<div class=\"elementor-element elementor-element-19b1836 elementor-widget-divider--view-line elementor-widget elementor-widget-divider\" data-id=\"19b1836\" data-element_type=\"widget\" data-widget_type=\"divider.default\">\n\t\t\t\t\t\t\t<div class=\"elementor-divider\">\n\t\t\t<span class=\"elementor-divider-separator\">\n\t\t\t\t\t\t<\/span>\n\t\t<\/div>\n\t\t\t\t\t\t<\/div>\n\t\t\t\t<div class=\"elementor-element elementor-element-fe6a080 elementor-widget elementor-widget-text-editor\" data-id=\"fe6a080\" data-element_type=\"widget\" data-widget_type=\"text-editor.default\">\n\t\t\t\t\t\t\t\t\t<p>Rehberger Stra\u00dfe 9<br \/>A-4551 Ried im Traunkreis<br \/>Tel.: +43 732 7658-310<br \/>E-Mail: <a href=\"mailto:ried@handlbauer.at\">ried@handlbauer.at<\/a><br \/><br \/><\/p>\t\t\t\t\t\t\t\t<\/div>\n\t\t\t\t<div class=\"elementor-element elementor-element-d79782a elementor-widget elementor-widget-google_maps\" data-id=\"d79782a\" data-element_type=\"widget\" data-widget_type=\"google_maps.default\">\n\t\t\t\t\t\t\t<div class=\"elementor-custom-embed\">\n\t\t\t<iframe loading=\"lazy\"\n\t\t\t\t\tsrc=\"https:\/\/maps.google.com\/maps?q=Rehberger%20Stra%C3%9Fe%209%20A-4551%20Ried%20im%20Traunkreis&#038;t=m&#038;z=10&#038;output=embed&#038;iwloc=near\"\n\t\t\t\t\ttitle=\"Rehberger Stra\u00dfe 9 A-4551 Ried im Traunkreis\"\n\t\t\t\t\taria-label=\"Rehberger Stra\u00dfe 9 A-4551 Ried im Traunkreis\"\n\t\t\t><\/iframe>\n\t\t<\/div>\n\t\t\t\t\t\t<\/div>\n\t\t\t\t<\/div>\n\t\t\t\t\t<\/div>\n\t\t\t\t<\/div>\n\t\t\t\t\t<\/div>\n\t\t\t\t<\/div>\n\t\t\t\t<\/div>\n\t\t","protected":false},"excerpt":{"rendered":"<p>Kontakt Wir sind f\u00fcr Sie da \u2013 pers\u00f6nlich, direkt und verl\u00e4sslich. Wir legen Wert auf pers\u00f6nlichen Kontakt und direkte Kommunikation. Ob telefonisch, per E-Mail oder \u00fcber unser Kontaktformular \u2013 bei Handlbauer finden Sie immer die richtige Ansprechperson f\u00fcr Ihr Anliegen. Schnell, verl\u00e4sslich und mit echter Handschlagqualit\u00e4t. Linz Holzstra\u00dfe 5A-4020 LinzTel.: +43 732 7658-0Fax: +43 732 [&hellip;]<\/p>\n","protected":false},"author":1,"featured_media":0,"parent":0,"menu_order":0,"comment_status":"closed","ping_status":"closed","template":"elementor_header_footer","meta":{"_acf_changed":false,"footnotes":""},"class_list":["post-1122","page","type-page","status-publish","hentry"],"acf":[],"yoast_head":"<!-- This site is optimized with the Yoast SEO Premium plugin v26.2 (Yoast SEO v26.2) - https:\/\/yoast.com\/wordpress\/plugins\/seo\/ -->\n<title>Handlbauer \u2013 Kontakt<\/title>\n<meta name=\"robots\" content=\"index, follow, max-snippet:-1, max-image-preview:large, max-video-preview:-1\" \/>\n<link rel=\"canonical\" href=\"https:\/\/www.handlbauer.at\/de_de\/kontakt\/\" \/>\n<meta property=\"og:locale\" content=\"de_DE\" \/>\n<meta property=\"og:type\" content=\"article\" \/>\n<meta property=\"og:title\" content=\"Handlbauer \u2013 Kontakt\" \/>\n<meta property=\"og:description\" content=\"Kontakt Wir sind f\u00fcr Sie da \u2013 pers\u00f6nlich, direkt und verl\u00e4sslich. Wir legen Wert auf pers\u00f6nlichen Kontakt und direkte Kommunikation. Ob telefonisch, per E-Mail oder \u00fcber unser Kontaktformular \u2013 bei Handlbauer finden Sie immer die richtige Ansprechperson f\u00fcr Ihr Anliegen. Schnell, verl\u00e4sslich und mit echter Handschlagqualit\u00e4t. Linz Holzstra\u00dfe 5A-4020 LinzTel.: +43 732 7658-0Fax: +43 732 [&hellip;]\" \/>\n<meta property=\"og:url\" content=\"https:\/\/www.handlbauer.at\/de_de\/kontakt\/\" \/>\n<meta property=\"og:site_name\" content=\"Handlbauer - C` est la vie - Das Leben. Ein Fest.\" \/>\n<meta property=\"article:modified_time\" content=\"2025-10-29T10:14:09+00:00\" \/>\n<meta property=\"og:image\" content=\"https:\/\/www.handlbauer.at\/wp-content\/uploads\/2025\/10\/handlbauer_seo.jpg\" \/>\n\t<meta property=\"og:image:width\" content=\"1200\" \/>\n\t<meta property=\"og:image:height\" content=\"675\" \/>\n\t<meta property=\"og:image:type\" content=\"image\/jpeg\" \/>\n<meta name=\"twitter:card\" content=\"summary_large_image\" \/>\n<script type=\"application\/ld+json\" class=\"yoast-schema-graph\">{\"@context\":\"https:\/\/schema.org\",\"@graph\":[{\"@type\":\"WebPage\",\"@id\":\"https:\/\/www.handlbauer.at\/kontakt\/\",\"url\":\"https:\/\/www.handlbauer.at\/kontakt\/\",\"name\":\"Handlbauer \u2013 Kontakt\",\"isPartOf\":{\"@id\":\"https:\/\/www.handlbauer.at\/#website\"},\"datePublished\":\"2025-10-07T11:11:22+00:00\",\"dateModified\":\"2025-10-29T10:14:09+00:00\",\"breadcrumb\":{\"@id\":\"https:\/\/www.handlbauer.at\/kontakt\/#breadcrumb\"},\"inLanguage\":\"de\",\"potentialAction\":[{\"@type\":\"ReadAction\",\"target\":[\"https:\/\/www.handlbauer.at\/kontakt\/\"]}]},{\"@type\":\"BreadcrumbList\",\"@id\":\"https:\/\/www.handlbauer.at\/kontakt\/#breadcrumb\",\"itemListElement\":[{\"@type\":\"ListItem\",\"position\":1,\"name\":\"Startseite\",\"item\":\"https:\/\/www.handlbauer.at\/\"},{\"@type\":\"ListItem\",\"position\":2,\"name\":\"Kontakt\"}]},{\"@type\":\"WebSite\",\"@id\":\"https:\/\/www.handlbauer.at\/#website\",\"url\":\"https:\/\/www.handlbauer.at\/\",\"name\":\"Herbert Handlbauer GmbH\",\"description\":\"\",\"publisher\":{\"@id\":\"https:\/\/www.handlbauer.at\/#organization\"},\"potentialAction\":[{\"@type\":\"SearchAction\",\"target\":{\"@type\":\"EntryPoint\",\"urlTemplate\":\"https:\/\/www.handlbauer.at\/?s={search_term_string}\"},\"query-input\":{\"@type\":\"PropertyValueSpecification\",\"valueRequired\":true,\"valueName\":\"search_term_string\"}}],\"inLanguage\":\"de\"},{\"@type\":\"Organization\",\"@id\":\"https:\/\/www.handlbauer.at\/#organization\",\"name\":\"Herbert Handlbauer GmbH\",\"url\":\"https:\/\/www.handlbauer.at\/\",\"logo\":{\"@type\":\"ImageObject\",\"inLanguage\":\"de\",\"@id\":\"https:\/\/www.handlbauer.at\/#\/schema\/logo\/image\/\",\"url\":\"https:\/\/www.handlbauer.at\/wp-content\/uploads\/2025\/10\/handlbauer-logo-square.svg\",\"contentUrl\":\"https:\/\/www.handlbauer.at\/wp-content\/uploads\/2025\/10\/handlbauer-logo-square.svg\",\"width\":800,\"height\":800,\"caption\":\"Herbert Handlbauer GmbH\"},\"image\":{\"@id\":\"https:\/\/www.handlbauer.at\/#\/schema\/logo\/image\/\"},\"description\":\"Wir, die Herbert Handlbauer GmbH sind ein Schlacht- sowie Zerlegebetrieb f\u00fcr Rinder und Schweine. Wir bieten Dienstleistungen rund um die Zerlegung und Verpackung an. Je nach Anforderung unser Kunden, erfolgt die gew\u00fcnschte Sortierung unserer Premium-Produkte. Zuschnitte werden den Kundenw\u00fcnschen angepasst.\",\"email\":\"office@handlbauer.at\",\"telephone\":\"+43 7242 2001\",\"legalName\":\"Herbert Handlbauer GmbH\",\"vatID\":\"ATU 25021008\"}]}<\/script>\n<!-- \/ Yoast SEO Premium plugin. -->","yoast_head_json":{"title":"Handlbauer \u2013 Kontakt","robots":{"index":"index","follow":"follow","max-snippet":"max-snippet:-1","max-image-preview":"max-image-preview:large","max-video-preview":"max-video-preview:-1"},"canonical":"https:\/\/www.handlbauer.at\/de_de\/kontakt\/","og_locale":"de_DE","og_type":"article","og_title":"Handlbauer \u2013 Kontakt","og_description":"Kontakt Wir sind f\u00fcr Sie da \u2013 pers\u00f6nlich, direkt und verl\u00e4sslich. Wir legen Wert auf pers\u00f6nlichen Kontakt und direkte Kommunikation. Ob telefonisch, per E-Mail oder \u00fcber unser Kontaktformular \u2013 bei Handlbauer finden Sie immer die richtige Ansprechperson f\u00fcr Ihr Anliegen. Schnell, verl\u00e4sslich und mit echter Handschlagqualit\u00e4t. Linz Holzstra\u00dfe 5A-4020 LinzTel.: +43 732 7658-0Fax: +43 732 [&hellip;]","og_url":"https:\/\/www.handlbauer.at\/de_de\/kontakt\/","og_site_name":"Handlbauer - C` est la vie - Das Leben. Ein Fest.","article_modified_time":"2025-10-29T10:14:09+00:00","og_image":[{"width":1200,"height":675,"url":"https:\/\/www.handlbauer.at\/wp-content\/uploads\/2025\/10\/handlbauer_seo.jpg","type":"image\/jpeg"}],"twitter_card":"summary_large_image","schema":{"@context":"https:\/\/schema.org","@graph":[{"@type":"WebPage","@id":"https:\/\/www.handlbauer.at\/kontakt\/","url":"https:\/\/www.handlbauer.at\/kontakt\/","name":"Handlbauer \u2013 Kontakt","isPartOf":{"@id":"https:\/\/www.handlbauer.at\/#website"},"datePublished":"2025-10-07T11:11:22+00:00","dateModified":"2025-10-29T10:14:09+00:00","breadcrumb":{"@id":"https:\/\/www.handlbauer.at\/kontakt\/#breadcrumb"},"inLanguage":"de","potentialAction":[{"@type":"ReadAction","target":["https:\/\/www.handlbauer.at\/kontakt\/"]}]},{"@type":"BreadcrumbList","@id":"https:\/\/www.handlbauer.at\/kontakt\/#breadcrumb","itemListElement":[{"@type":"ListItem","position":1,"name":"Startseite","item":"https:\/\/www.handlbauer.at\/"},{"@type":"ListItem","position":2,"name":"Kontakt"}]},{"@type":"WebSite","@id":"https:\/\/www.handlbauer.at\/#website","url":"https:\/\/www.handlbauer.at\/","name":"Herbert Handlbauer GmbH","description":"","publisher":{"@id":"https:\/\/www.handlbauer.at\/#organization"},"potentialAction":[{"@type":"SearchAction","target":{"@type":"EntryPoint","urlTemplate":"https:\/\/www.handlbauer.at\/?s={search_term_string}"},"query-input":{"@type":"PropertyValueSpecification","valueRequired":true,"valueName":"search_term_string"}}],"inLanguage":"de"},{"@type":"Organization","@id":"https:\/\/www.handlbauer.at\/#organization","name":"Herbert Handlbauer GmbH","url":"https:\/\/www.handlbauer.at\/","logo":{"@type":"ImageObject","inLanguage":"de","@id":"https:\/\/www.handlbauer.at\/#\/schema\/logo\/image\/","url":"https:\/\/www.handlbauer.at\/wp-content\/uploads\/2025\/10\/handlbauer-logo-square.svg","contentUrl":"https:\/\/www.handlbauer.at\/wp-content\/uploads\/2025\/10\/handlbauer-logo-square.svg","width":800,"height":800,"caption":"Herbert Handlbauer GmbH"},"image":{"@id":"https:\/\/www.handlbauer.at\/#\/schema\/logo\/image\/"},"description":"Wir, die Herbert Handlbauer GmbH sind ein Schlacht- sowie Zerlegebetrieb f\u00fcr Rinder und Schweine. Wir bieten Dienstleistungen rund um die Zerlegung und Verpackung an. Je nach Anforderung unser Kunden, erfolgt die gew\u00fcnschte Sortierung unserer Premium-Produkte. Zuschnitte werden den Kundenw\u00fcnschen angepasst.","email":"office@handlbauer.at","telephone":"+43 7242 2001","legalName":"Herbert Handlbauer GmbH","vatID":"ATU 25021008"}]}},"_links":{"self":[{"href":"http:\/\/www.handlbauer.at\/de_de\/wp-json\/wp\/v2\/pages\/1122","targetHints":{"allow":["GET"]}}],"collection":[{"href":"http:\/\/www.handlbauer.at\/de_de\/wp-json\/wp\/v2\/pages"}],"about":[{"href":"http:\/\/www.handlbauer.at\/de_de\/wp-json\/wp\/v2\/types\/page"}],"author":[{"embeddable":true,"href":"http:\/\/www.handlbauer.at\/de_de\/wp-json\/wp\/v2\/users\/1"}],"replies":[{"embeddable":true,"href":"http:\/\/www.handlbauer.at\/de_de\/wp-json\/wp\/v2\/comments?post=1122"}],"version-history":[{"count":112,"href":"http:\/\/www.handlbauer.at\/de_de\/wp-json\/wp\/v2\/pages\/1122\/revisions"}],"predecessor-version":[{"id":1712,"href":"http:\/\/www.handlbauer.at\/de_de\/wp-json\/wp\/v2\/pages\/1122\/revisions\/1712"}],"wp:attachment":[{"href":"http:\/\/www.handlbauer.at\/de_de\/wp-json\/wp\/v2\/media?parent=1122"}],"curies":[{"name":"wp","href":"https:\/\/api.w.org\/{rel}","templated":true}]}}